{"id":8349,"date":"2025-01-23T20:19:18","date_gmt":"2025-01-23T19:19:18","guid":{"rendered":"https:\/\/haimagazine.com\/?post_type=product&#038;p=8349"},"modified":"2025-09-25T10:13:02","modified_gmt":"2025-09-25T08:13:02","slug":"hai-magazine-online-ai-flash-newsletter-subskrypcja","status":"publish","type":"product","link":"https:\/\/haimagazine.com\/pl\/produkt\/hai-magazine-online-ai-flash-newsletter-subskrypcja\/","title":{"rendered":"hAI Premium + AI Flash"},"content":{"rendered":"<p style=\"font-weight: 400;\">B\u0105d\u017a na bie\u017c\u0105co z dynamicznie rozwijaj\u0105cym si\u0119 \u015bwiatem sztucznej inteligencji! Subskrypcja hAI Premium daje Ci pe\u0142ny dost\u0119p do wszystkich artyku\u0142\u00f3w z drukowanego czasopisma hAI Magazine \u2013 od pog\u0142\u0119bionych analiz i praktycznych porad, po wywiady z liderami bran\u017cy oraz najnowsze trendy i technologie. Do tego, subskrypcja AI Flash zapewnia cotygodniowy newsletter z naj\u015bwie\u017cszymi informacjami o AI. Znajdziesz w nim felietony technologiczne, polecane wydarzenia, wywiady z ekspertami, praktyczne porady i wiele wi\u0119cej. Ten pakiet to idealny wyb\u00f3r dla tych, kt\u00f3rzy chc\u0105 nie tylko rozwija\u0107 swoj\u0105 wiedz\u0119 o AI, ale tak\u017ce regularnie \u015bledzi\u0107, co dzieje si\u0119 na styku technologii, biznesu, nauki i kultury.<\/p>\n<p>Zestaw zawiera:<\/p>\n<ul>\n<li>hAI Premium(subskrypcja)<\/li>\n<li>AI Flash Newsletter (subskrypcja)<\/li>\n<\/ul>\n<p style=\"font-weight: 400;\">\n","protected":false},"excerpt":{"rendered":"<p>B\u0105d\u017a na bie\u017c\u0105co z dynamicznie rozwijaj\u0105cym si\u0119 \u015bwiatem sztucznej inteligencji! Subskrypcja hAI Premium daje Ci pe\u0142ny dost\u0119p do wszystkich artyku\u0142\u00f3w z drukowanego czasopisma hAI Magazine \u2013 od pog\u0142\u0119bionych analiz i praktycznych porad, po wywiady z liderami bran\u017cy oraz najnowsze trendy i technologie. Do tego, subskrypcja AI Flash zapewnia cotygodniowy newsletter z naj\u015bwie\u017cszymi informacjami o AI. [&hellip;]<\/p>\n","protected":false},"featured_media":8358,"template":"","meta":{"_acf_changed":false,"rank_math_lock_modified_date":false},"product_cat":[],"product_tag":[],"class_list":{"0":"post-8349","1":"product","2":"type-product","3":"status-publish","4":"has-post-thumbnail","7":"first","8":"instock","9":"sold-individually","10":"taxable","11":"shipping-taxable","12":"purchasable","13":"product-type-variable-subscription"},"acf":[],"_links":{"self":[{"href":"https:\/\/haimagazine.com\/pl\/wp-json\/wp\/v2\/product\/8349","targetHints":{"allow":["GET"]}}],"collection":[{"href":"https:\/\/haimagazine.com\/pl\/wp-json\/wp\/v2\/product"}],"about":[{"href":"https:\/\/haimagazine.com\/pl\/wp-json\/wp\/v2\/types\/product"}],"wp:featuredmedia":[{"embeddable":true,"href":"https:\/\/haimagazine.com\/pl\/wp-json\/wp\/v2\/media\/8358"}],"wp:attachment":[{"href":"https:\/\/haimagazine.com\/pl\/wp-json\/wp\/v2\/media?parent=8349"}],"wp:term":[{"taxonomy":"product_cat","embeddable":true,"href":"https:\/\/haimagazine.com\/pl\/wp-json\/wp\/v2\/product_cat?post=8349"},{"taxonomy":"product_tag","embeddable":true,"href":"https:\/\/haimagazine.com\/pl\/wp-json\/wp\/v2\/product_tag?post=8349"}],"curies":[{"name":"wp","href":"https:\/\/api.w.org\/{rel}","templated":true}]}}