{"id":7389,"date":"2024-12-16T13:03:59","date_gmt":"2024-12-16T12:03:59","guid":{"rendered":"https:\/\/haimagazine.com\/?post_type=product&#038;p=7389"},"modified":"2025-01-29T12:35:42","modified_gmt":"2025-01-29T11:35:42","slug":"hai-magazine-3-2024","status":"publish","type":"product","link":"https:\/\/haimagazine.com\/pl\/produkt\/hai-magazine-3-2024\/","title":{"rendered":"hAI Magazine 3\/2024"},"content":{"rendered":"<div class=\"page\" title=\"Page 2\">\n<div class=\"section\">\n<div class=\"layoutArea\">\n<p><strong>___ POZNAWAI ___<\/strong><\/p>\n<p class=\"column\">Pamela Krzypkowska<br \/>\n<strong>S\u0142uszne podejs\u0301cie w s\u0142usznej sprawie, czyli odpowiedzialne projektowanie AI <\/strong><strong>dla realnych zmian<\/strong><\/p>\n<p>rozmowa z Maxem Salamonowiczem<br \/>\n<strong>Chce\u0328 na je\u0328zyk migowy przet\u0142umaczyc\u0301 ca\u0142y internet<\/strong><\/p>\n<p>rozmowa z Karolem Stryj\u0105<br \/>\n<strong>Budowanie przestrzeni do wymiany dos\u0301wiadczen\u0301<\/strong><\/p>\n<p>rozmowa z dr. Maciejem Kaweckim<br \/>\n<strong>Misja Optymizm, czyli ambasador polskiej innowacji<\/strong><\/p>\n<p>rozmowa z Katarzyn\u0105 Kamin\u0301sk\u0105 i Magdalen\u0105 Wasilewsk\u0105-Michalsk\u0105<br \/>\n<strong>Technologia na ratunek<\/strong><\/p>\n<p>Katarzyna Jachymek<br \/>\n<strong>AI w codziennos\u0301ci senioro\u0301w, czyli nowoczesne rozwia\u0328zania dla cia\u0142a i ducha<\/strong><\/p>\n<p>Iga Trydulska<br \/>\n<strong>Ekonomia troski. AI a odpowiedzialny design<\/strong><\/p>\n<p>Zuzanna Czernicka<br \/>\n<strong>Od papierologii do zro\u0301wnowaz\u0307onej AI-ologii<\/strong><\/p>\n<p>&nbsp;<\/p>\n<div class=\"column\">\n<p><strong>___ ODKRYWAI ___<\/strong><\/p>\n<p><strong>Dzia\u0142o si\u0119 w AI\u00a0<\/strong><\/p>\n<p>Zainspiruj sie\u0328<br \/>\n<strong>Jak to sie\u0328 robi w biznesie &#8211; przegl\u0105d wdro\u017ce\u0144 i projekt\u00f3w komercyjnych\u00a0<\/strong><\/p>\n<\/div>\n<div class=\"column\">\n<p>Lenovo<br \/>\n<strong>Sztuczna inteligencja z twarza\u0328 i sercem<\/strong><\/p>\n<p><strong>Jak to sie\u0328 robi w nauce &#8211; przegl\u0105d projekt\u00f3w badawczych\u00a0<\/strong><\/p>\n<p>Przemys\u0142aw Biecek,<br \/>\ndr hab inz\u0307. Marcin Luckner<br \/>\n<strong>Inteligentna diagnostyka p\u0142uc. Jak dobre dane, modele i wyjas\u0301nienia <\/strong><strong>buduja\u0328 zaufanie do AI w medycynie<\/strong><\/p>\n<p>Ariel Zgo\u0301rski<br \/>\n<strong>Robot w kaz\u0307dym domu! Czyli o tym, jak AI rozwija s\u0301wiat Smart Home<\/strong><\/p>\n<p>Ma\u0142gorzata Tobis<br \/>\n<strong>Jak AI nape\u0328dza polskie kampanie spo\u0142eczne<\/strong><\/p>\n<p>&nbsp;<\/p>\n<p><strong>___ DO\u015aWIADCZAI___<\/strong><\/p>\n<p>Agata Rybarska<strong>Supermoce nowoczesnych lidero\u0301w \u2013 dzie\u0328ki AI<\/strong><\/p>\n<p>Adrian Kilar<br \/>\n<strong>Dlaczego trenowac\u0301 model twarzy?<\/strong><\/p>\n<p>Sergiej Iz\u0307ko, dr Ewa Chamczyk<br \/>\n<strong>Nowy rok, nowe moz\u0307liwos\u0301ci \u2013 z AI<\/strong><\/p>\n<p>Sebastian Kondracki<br \/>\n<strong>Bielik lokalnie &#8211; praktyczne wdroz\u0307enie ma\u0142ych modeli je\u0328zykowych<\/strong><\/p>\n<p>Tomasz Gancarczyk<br \/>\n<strong>Pohamuj swo\u0301j LLM: Sztuka zmuszania AI do konkreto\u0301w<\/strong><\/p>\n<p>&nbsp;<\/p>\n<p><strong>___ KORZYSTAI ___<\/strong><\/p>\n<p>Aleksandra Tomaszewska,dr Alina Wro\u0301blewska, Anna Jamka<br \/>\n<strong>Jaki je\u0328zyk, taki model \u2013 czy duz\u0307e modele je\u0328zykowe dyskryminuja\u0328 ze wzgle\u0328du <\/strong><strong>na p\u0142ec\u0301 w polszczyz\u0301nie?<\/strong><\/p>\n<p>Sabina Sujecka<br \/>\n<strong>Dlaczego wyjas\u0301nienia AI sa\u0328 nieskuteczne?<\/strong><\/p>\n<p>Konrad Sowa<br \/>\n<strong>AI jak nowy pracownik<\/strong><\/p>\n<\/div>\n<div class=\"column\">\n<p>dr Gabriela Bar<br \/>\n<strong>Zarza\u0328dzanie danymi w systemach AI \u2013 wyzwania prawne<\/strong><\/p>\n<p>dr Dota Szymborska<br \/>\n<strong>TRANShumanIZM<\/strong><\/p>\n<p>Przemek Jo\u0301z\u0301wiakowski<br \/>\n<strong>AI GYM \u2013 Stymulator dos\u0301wiadczen\u0301 zawodowych<\/strong><\/p>\n<p>&nbsp;<\/p>\n<p><strong>___ ZG\u0141\u0118BIAI ___<\/strong><\/p>\n<p>Barbara Klaudel<br \/>\n<strong>YOLO \u2013 jeden rzut oka wystarczy<\/strong><\/p>\n<p>dr hab. inz\u0307. Micha\u0142 Karpowicz<br \/>\n<strong>Macierz poje\u0328cie jak to wyjas\u0301nic\u0301? Zabawa w superpozycje<\/strong><\/p>\n<p>Micha\u0142 Dulemba<br \/>\n<strong>Incepcja, czyli programowanie wewna\u0328trz promptu<\/strong><\/p>\n<p>Norbert Ryciak<br \/>\n<strong>Wspo\u0301\u0142czynniki to pote\u0328gi klucz, czyli czym jest wiedza algorytmo\u0301w AI<\/strong><\/p>\n<p>Jakub Tkaczuk<br \/>\n<strong>Przetwarzanie dz\u0301wie\u0328ku<\/strong><\/p>\n<p>&nbsp;<\/p>\n<p><strong>___ PO GODZINACH ___<\/strong><\/p>\n<p><strong>Nowos\u0301ci w CampusAI<\/strong><\/p>\n<\/div>\n<\/div>\n<div class=\"layoutArea\">\n<div class=\"column\">\n<p>CampusAI<br \/>\n<strong>Me+AI: Graduation Day &#8211; prezentacje najciekawszych prac zaliczeniowych\u00a0<\/strong><\/p>\n<p>dr Ewa Chamczyk<br \/>\n<strong>AI Books \u2013 ksia\u0328z\u0307ki, kto\u0301re nie kon\u0301cza\u0328 sie\u0328 na ostatniej stronie<\/strong><\/p>\n<p>dr Marta M. Kania<br \/>\n<strong>Recenzja &#8211; R. Kurzweil &#8222;Osobliwo\u015b\u0107 jest coraz bli\u017cej&#8221;<\/strong><\/p>\n<\/div>\n<\/div>\n<div class=\"layoutArea\">\n<div class=\"column\">\n<p>Agnieszka Dahlke<br \/>\n<strong>Jak ugotowac\u0301 przygode\u0328 z dostawa\u0328?<\/strong><\/p>\n<p><strong>Kalendarium<\/strong><\/p>\n<\/div>\n<\/div>\n<div class=\"layoutArea\">\n<div class=\"column\">\n<p><strong>Generative Revolution Day<\/strong><\/p>\n<\/div>\n<\/div>\n<\/div>\n<\/div>\n","protected":false},"excerpt":{"rendered":"<p>___ POZNAWAI ___ Pamela Krzypkowska S\u0142uszne podejs\u0301cie w s\u0142usznej sprawie, czyli odpowiedzialne projektowanie AI dla realnych zmian rozmowa z Maxem Salamonowiczem Chce\u0328 na je\u0328zyk migowy przet\u0142umaczyc\u0301 ca\u0142y internet rozmowa z Karolem Stryj\u0105 Budowanie przestrzeni do wymiany dos\u0301wiadczen\u0301 rozmowa z dr. Maciejem Kaweckim Misja Optymizm, czyli ambasador polskiej innowacji rozmowa z Katarzyn\u0105 Kamin\u0301sk\u0105 i Magdalen\u0105 Wasilewsk\u0105-Michalsk\u0105 [&hellip;]<\/p>\n","protected":false},"featured_media":7396,"template":"","meta":{"_acf_changed":false,"rank_math_lock_modified_date":false},"product_cat":[29],"product_tag":[411,410,412,413],"class_list":{"0":"post-7389","1":"product","2":"type-product","3":"status-publish","4":"has-post-thumbnail","6":"product_cat-magazyn","7":"product_tag-ai-magazine","8":"product_tag-haimagazine","9":"product_tag-new-issue","10":"product_tag-nowy-numer","12":"first","13":"instock","14":"taxable","15":"shipping-taxable","16":"purchasable","17":"product-type-simple"},"acf":[],"_links":{"self":[{"href":"https:\/\/haimagazine.com\/pl\/wp-json\/wp\/v2\/product\/7389","targetHints":{"allow":["GET"]}}],"collection":[{"href":"https:\/\/haimagazine.com\/pl\/wp-json\/wp\/v2\/product"}],"about":[{"href":"https:\/\/haimagazine.com\/pl\/wp-json\/wp\/v2\/types\/product"}],"wp:featuredmedia":[{"embeddable":true,"href":"https:\/\/haimagazine.com\/pl\/wp-json\/wp\/v2\/media\/7396"}],"wp:attachment":[{"href":"https:\/\/haimagazine.com\/pl\/wp-json\/wp\/v2\/media?parent=7389"}],"wp:term":[{"taxonomy":"product_cat","embeddable":true,"href":"https:\/\/haimagazine.com\/pl\/wp-json\/wp\/v2\/product_cat?post=7389"},{"taxonomy":"product_tag","embeddable":true,"href":"https:\/\/haimagazine.com\/pl\/wp-json\/wp\/v2\/product_tag?post=7389"}],"curies":[{"name":"wp","href":"https:\/\/api.w.org\/{rel}","templated":true}]}}