{"id":6577,"date":"2024-11-25T18:06:48","date_gmt":"2024-11-25T17:06:48","guid":{"rendered":"https:\/\/haimagazine.com\/?post_type=product&#038;p=6577"},"modified":"2025-02-25T14:42:02","modified_gmt":"2025-02-25T13:42:02","slug":"zestaw-hai-magazine-1-2024-2-2024","status":"publish","type":"product","link":"https:\/\/haimagazine.com\/pl\/produkt\/zestaw-hai-magazine-1-2024-2-2024\/","title":{"rendered":"Zestaw hAI Magazine nr 1\u20132"},"content":{"rendered":"<p><span style=\"text-decoration: underline;\"><strong>SPIS TRE\u015aCI HAI MAGAZINE 1\/2024<\/strong><\/span><\/p>\n<ul>\n<li><span style=\"color: #141413;\">Wst\u0119pniak<\/span><\/li>\n<\/ul>\n<p>POZNAW<strong>AI<\/strong><\/p>\n<ul>\n<li><b>dr Inez Okulska<\/b><br \/>\nKreatywno\u015b\u0107 a generatywna rewolucja (<a href=\"https:\/\/haimagazine.com\/pl\/newsy\/trendy\/kreatywnosc-a-generatywna-rewolucja\/\">ONLINE<\/a>)<\/li>\n<li>redakcja<br \/>\nFakty i mity<\/li>\n<li><b>dr Gabriela Bar<\/b><br \/>\nTw\u00f3rca w dobie sztucznej inteligencji <strong>(<a href=\"https:\/\/haimagazine.com\/pl\/w-szerokim-kadrze\/tworca-w-dobie-sztucznej-inteligencji\/\">ONLINE<\/a>)<\/strong><\/li>\n<li><b>dr in\u017c. Daniel Ura<\/b><br \/>\nKim s\u0105 wirtualne persony? Przysz\u0142o\u015b\u0107 wirtualnych influencer\u00f3w <strong>(<a href=\"https:\/\/haimagazine.com\/pl\/bez-kategorii\/kim-sa-wirtualne-persony-przyszlosc-wirtualnych-influencerow\/\">ONLINE<\/a>)<\/strong><\/li>\n<li><b>Jeremiasz Krok<\/b><br \/>\nSztuczna inteligencja w bran\u017cy marketingowej <strong>(<a href=\"https:\/\/haimagazine.com\/pl\/newsy\/sztuczna-inteligencja-w-branzy-marketingowej-czy-zespoly-kreatywne-faktycznie-czeka-nieunikniona-zaglada\/\">ONLINE<\/a>)<\/strong><\/li>\n<\/ul>\n<p>ODKRYW<strong>AI<\/strong><\/p>\n<ul>\n<li>\u201eCelowe zaburzenie schematu\u201d \u2013 z <b>prof. Aleksandr\u0105 Przegali\u0144sk\u0105\u00a0<\/b>rozmawia dr Inez Okulska <strong>(<a href=\"https:\/\/haimagazine.com\/pl\/newsy\/ludzie-ai\/celowe-zaburzenie-schematu\/\">ONLINE<\/a>)<\/strong><\/li>\n<li>\u201eZapomnij o w\u0142asnej dziedzinie i rozejrzyj si\u0119 wok\u00f3\u0142\u201d \u2013 z <b>prof. Piotrem Sankowskim <\/b>rozmawia dr Inez Okulska <strong>(<a href=\"https:\/\/haimagazine.com\/pl\/newsy\/ludzie-ai\/zapomnij-o-swojej-dziedzinie-i-rozejrzyj-sie-wokol\/\">ONLINE<\/a>)<\/strong><\/li>\n<li>redakcja<br \/>\nDok\u0105d zmierzasz, AI?<\/li>\n<li>redakcja<br \/>\nJak to si\u0119 robi w biznesie? Kr\u00f3tki przegl\u0105d ciekawych wdro\u017ce\u0144 (<a href=\"https:\/\/haimagazine.com\/pl\/u-nich-dziala\/przeglad-ciekawych-wdrozen-ai-maj-2024\/\"><strong>ONLINE<\/strong><\/a>)<\/li>\n<li>artyku\u0142 partnerski<br \/>\nMyMuse.ai. Stw\u00f3rz obraz z AI i powie\u015b go na \u015bcianie<\/li>\n<li>redakcja<br \/>\nJak to si\u0119 robi w nauce? Kr\u00f3tki przegl\u0105d ciekawych projekt\u00f3w badawczych (<strong><a href=\"https:\/\/haimagazine.com\/pl\/u-nich-dziala\/przeglad-ciekawych-projektow-naukowych-ai-maj-2024\/\">ONLINE<\/a><\/strong>)<\/li>\n<li><b>Konrad Sowa<\/b><br \/>\nCzy Twoja osobowo\u015b\u0107 wp\u0142ywa na interakcj\u0119 z AI? <strong>(<a href=\"https:\/\/haimagazine.com\/pl\/newsy\/ciekawostki-etc\/czy-twoja-osobowosc-wplywa-na-interakcje-z-ai\/\">ONLINE<\/a>)<\/strong><\/li>\n<\/ul>\n<p>DO\u015aWIADCZ<strong>AI<\/strong><\/p>\n<ul>\n<li><b>Micha\u0142 Sadowski<\/b><br \/>\nNadaj swojej pracy nowy wymiar jako\u015bci dzi\u0119ki AI <strong>(<a href=\"https:\/\/haimagazine.com\/pl\/ai-w-praktyce\/nadaj-swojej-pracy-nowy-wymiar-jakosci-dzieki-ai\/\">ONLINE<\/a>)<\/strong><\/li>\n<li><b>Adrian Kilar<\/b><br \/>\nNarz\u0119dzia AI dla tw\u00f3rc\u00f3w internetowych <strong>(<a href=\"https:\/\/haimagazine.com\/pl\/ai-w-praktyce\/narzedzia-ai-dla-tworcow-internetowych\/\">ONLINE<\/a>)<\/strong><\/li>\n<li><strong>Campus AI<\/strong><br \/>\nTy+AI \u2013 Wsp\u00f3\u0142praca, kt\u00f3rej mo\u017cemy Ci\u0119 nauczy\u0107 <strong>(<a href=\"https:\/\/haimagazine.com\/pl\/ai-w-praktyce\/tyai-wspolpraca-ktorej-mozemy-cie-nauczyc\/\">ONLINE<\/a>)<\/strong><\/li>\n<li><b>dr Ewa Chamczyk<\/b><br \/>\nStw\u00f3rz swojego awatara <strong>(<a href=\"https:\/\/haimagazine.com\/pl\/ai-w-praktyce\/stworz-swojego-awatara\/\">ONLINE<\/a>)<\/strong><\/li>\n<li><b>Sebastian Kondracki<\/b><br \/>\nRAG na sterydach, czyli generowanie tre\u015bci z turbodo\u0142adowaniem <strong>(<a href=\"https:\/\/haimagazine.com\/pl\/ai-w-praktyce\/rag-na-sterydach-czyli-generowanie-tresci-z-turbodoladowaniem\/\">ONLINE<\/a>)<\/strong><\/li>\n<\/ul>\n<p>KORZYST<b>AI<\/b><\/p>\n<ul>\n<li><b>dr Adam Gonczarek<\/b><br \/>\nEkonomika LLM, czyli jak policzy\u0107 koszty wykorzystania komercyjnych modeli AI we w\u0142asnym biznesie <strong>(<a href=\"https:\/\/haimagazine.com\/pl\/ai-w-praktyce\/ekonomika-llm-czyli-jak-policzyc-koszty-wykorzystania-komercyjnych-modeli-ai-we-wlasnym-biznesie\/\">ONLINE<\/a>)<\/strong><\/li>\n<li><b>Aleksandra Tomaszewska<\/b><br \/>\nKorpusy AI w 2024 roku. W kierunku danych lepszej jako\u015bci <strong>(<a href=\"https:\/\/haimagazine.com\/pl\/ai-w-praktyce\/korpusy-w-ai-w-2024-roku-w-kierunku-danych-lepszej-jakosci\/\">ONLINE<\/a>)<\/strong><\/li>\n<li><b>dr Dota Szymborska<\/b><br \/>\nMoralno\u015b\u0107 algorytm\u00f3w. Czy mo\u017cna wyliczy\u0107 i zaprogramowa\u0107 dobro? <strong>(<a href=\"https:\/\/haimagazine.com\/pl\/ai-w-praktyce\/moralnosc-algorytmow-czy-mozna-wyliczyc-i-zaprogramowac-dobro\/\">ONLINE<\/a>)<\/strong><\/li>\n<li><b>Pamela Krzypkowska<\/b><br \/>\nAI Act \u2013 wszystko, co musicie wiedzie\u0107 i o co nie boicie si\u0119 zapyta\u0107 <strong>(<a href=\"https:\/\/haimagazine.com\/pl\/ai-w-praktyce\/ai-act-wszystko-co-musicie-wiedziec-i-o-co-nie-boicie-sie-zapytac\/\">ONLINE<\/a>)<\/strong><\/li>\n<li><b>dr Micha\u0142 Nowakowski<\/b><br \/>\nCi\u0119\u017cki trening, widoczne efekty. Jak w zgodzie z przepisami wzmocni\u0107 model dobrymi danymi <strong>(<a href=\"https:\/\/haimagazine.com\/pl\/ai-w-praktyce\/ciezki-trening-widoczne-efekty-jak-w-zgodzie-z-przepisami-wzmocnic-model-dobrymi-danymi\/\">ONLINE<\/a>)<\/strong><\/li>\n<li><b>Kamil Porembi\u0144ski<\/b><br \/>\nBezpiecze\u0144stwo korzystania z narz\u0119dzi AI <strong>(<a href=\"https:\/\/haimagazine.com\/pl\/ai-w-praktyce\/bezpieczenstwo-korzystania-z-narzedzi-ai\/\">ONLINE<\/a>)<\/strong><\/li>\n<\/ul>\n<p>ZG\u0141\u0118BI<b>AI<\/b><\/p>\n<ul>\n<li><b>Zuza Kwiatkowska<\/b><br \/>\nTransformer \u2013 architektura, kt\u00f3ra zapocz\u0105tkowa\u0142a generatywn\u0105 rewolucj\u0119 <strong>(<a href=\"https:\/\/haimagazine.com\/pl\/pod-lupa\/wyjasniamy\/transformer-jak-dziala-rewolucyjna-architektura\/\">ONLINE<\/a>)<\/strong><\/li>\n<li><b>dr in\u017c. Agnieszka Miko\u0142ajczyk-Bare\u0142a<\/b><br \/>\nJak budowa\u0107 efektywne modele multimodalne? <strong>(<a href=\"https:\/\/haimagazine.com\/pl\/pod-lupa\/jak-budowac-efektywne-modele-multimodalne\/\">ONLINE<\/a>)<\/strong><\/li>\n<li><b>prof. Przemys\u0142aw Biecek<\/b><br \/>\nSprawiedliwo\u015b\u0107 nie istnieje i mo\u017cna to udowodni\u0107 <strong>(<a href=\"https:\/\/haimagazine.com\/pl\/ai-w-praktyce\/sprawiedliwosc-nie-istnieje-i-mozna-to-udowodnic\/\">ONLINE<\/a>)<\/strong><\/li>\n<li><b>dr in\u017c. Marek Koz\u0142owski<\/b><br \/>\nAI Leksykon: Modele j\u0119zykowe <strong>(<a href=\"https:\/\/haimagazine.com\/pl\/pod-lupa\/modele-jezykowe\/\">ONLINE<\/a>)<\/strong><\/li>\n<li><b>Norbert Ryciak<\/b><br \/>\nAI Matematykon: Funkcja straty <strong>(<a href=\"https:\/\/haimagazine.com\/pl\/pod-lupa\/matematykon-ai\/funkcja-straty\/\">ONLINE<\/a>)<\/strong><\/li>\n<\/ul>\n<p><b>AI <\/b>PO GODZINACH<b><br \/>\n<\/b><\/p>\n<ul>\n<li><b>Dominika Bucholc, Aureliusz G\u00f3rski<\/b><br \/>\nDemokratyzacja dost\u0119pu do AI <strong>(<a href=\"https:\/\/haimagazine.com\/pl\/spolecznosc-ai\/spolecznosc-campusai\/demokratyzacja-dostepu-do-ai\/\">ONLINE<\/a>)<\/strong><\/li>\n<li><b>dr Marta M. Kania<\/b><br \/>\nRecenzje:<br \/>\nWarstwy Matrixa<strong>(<a href=\"https:\/\/haimagazine.com\/pl\/newsy\/ciekawostki-etc\/warstwy-matrixa\/\">ONLINE<\/a>)<br \/>\n<\/strong>Szcz\u0119\u015bliwy zwrot akcji? Przewodnik po wsp\u00f3\u0142inteligencji <strong>(<a href=\"https:\/\/haimagazine.com\/pl\/newsy\/ciekawostki-etc\/szczesliwy-zwrot-akcji-przewodnik-po-wspolinteligencji\/\">ONLINE<\/a>)<\/strong><\/li>\n<li>redakcja<br \/>\nWsp\u00f3lne chwile, niezliczone mo\u017cliwo\u015bci,<br \/>\nczyli generatywna AI dla dzieci i rodzic\u00f3w <strong>(<a href=\"https:\/\/haimagazine.com\/pl\/ai-w-praktyce\/wspolne-chwile-niezliczone-mozliwosci-czyli-generatywna-ai-dla-dzieci-i-rodzicow\/\">ONLINE<\/a>)<\/strong><\/li>\n<li><b>Agnieszka Dahlke<\/b><br \/>\nO m\u00f3j porze! <strong>(<a href=\"https:\/\/haimagazine.com\/pl\/ai-w-praktyce\/o-moj-porze\/\">ONLINE<\/a>)<\/strong><\/li>\n<li>Wydarzenia bran\u017cowe \u2013 dzia\u0142o si\u0119<\/li>\n<li>Wydarzenia bran\u017cowe \u2013 b\u0119dzie si\u0119 dzia\u0142o<\/li>\n<\/ul>\n<p><span style=\"text-decoration: underline;\"><strong>SPIS TRE\u015aCI HAI MAGAZINE 2\/2024<\/strong><\/span><\/p>\n<p>POZNAW<strong>AI<\/strong><\/p>\n<ul>\n<li><strong>dr Inez Okulska, Jeremiasz Krok<\/strong><br \/>\nEdukacja (z) AI &#8211; czy, jak i dlaczego tak?<\/li>\n<li><strong>Robert Firmhofer<\/strong><br \/>\nCo zrobi\u0107, \u017ceby edukacja by\u0142a ciekawsza?<\/li>\n<li><strong>Barbara Klaudel<\/strong><br \/>\nCo mo\u017ce przyda\u0107 si\u0119 studentom?<\/li>\n<li><strong>dr Pawe\u0142 Gora<\/strong><br \/>\nNajlepsze warunki do rozwoju<\/li>\n<li><strong>Darek K\u0142eczek<br \/>\n<\/strong>Praktyka i sta\u0142e poszerzanie wiedzy<\/li>\n<li><strong>Zofia Dzik<\/strong><br \/>\nNie tylko prompting<\/li>\n<li><strong>prof. Aleksander M\u0105dry<\/strong> &#8211; fragment rozmowy z cyklu 99 twarzy AI<\/li>\n<li>Szko\u0142a po godzinach &#8211; AI dla nastolatk\u00f3w<\/li>\n<li><strong>dr Bart\u0142omiej Balcerzak<\/strong><br \/>\nLLM-y: bias genderowa w narracji a nauka historii<\/li>\n<\/ul>\n<p>ODKRYW<strong>AI<\/strong><\/p>\n<ul>\n<li>Dzia\u0142 si\u0119 w AI<\/li>\n<li>Zainspiruj si\u0119: Jak to si\u0119 robi w biznesie?<\/li>\n<li><strong>Connectis<\/strong>: Gdzie AI pomo\u017ce, tam rekruter zyska &#8211; automatyczne przetwarzanie CV<\/li>\n<li><strong>prof. Aleksandra Przegali\u0144ska, dr Tamilla Triantoro<br \/>\n<\/strong>Nowe role i umiej\u0119tno\u015bci dla ludzi w ekosystemie wsp\u00f3\u0142pracy z AI<\/li>\n<li><span class=\"s1\"><b>Zuza Kwiatowska<br \/>\n<\/b><\/span>Autorzy technologii deepfake &#8211; najwi\u0119ksi z\u0142oczy\u0144cy XXI wieku?<\/li>\n<li>Zainspiruj si\u0119: Jak to si\u0119 robi w nauce?<\/li>\n<li><strong>Dariusz Szawurski-Radetz<br \/>\n<\/strong>Technologia w s\u0142u\u017cbie edukacji. Jak szkoli\u0107 s\u0119dzi\u00f3w?<\/li>\n<\/ul>\n<p>DO\u015aWIADCZ<strong>AI<\/strong><\/p>\n<ul>\n<li class=\"p1\"><span class=\"s1\"><b>Piotr Konieczny<br \/>\n<\/b><\/span>Nie takie AI straszne, jak je maluj\u0105<\/li>\n<li class=\"p1\"><strong>Adrian Kilar<\/strong><br \/>\nId\u017a za g\u0142osem prompta<\/li>\n<li class=\"p1\"><strong>CampusAI<\/strong><br \/>\nTy + Asystent AI, kt\u00f3rego mo\u017cesz samodzielnie stworzy\u0107<\/li>\n<li class=\"p1\"><span class=\"s1\"><b>Sebastian Kondracki<br \/>\n<\/b><\/span>Graf wiedzy i AI: synergiczna wsp\u00f3\u0142praca w biznesie<\/li>\n<li class=\"p1\"><strong>Przemek J\u00f3\u017awiakowski<br \/>\n<\/strong>Wiele modeli i jeden agent, kt\u00f3ry si\u0119 uczy<\/li>\n<\/ul>\n<p>KORZYST<strong>AI<\/strong><\/p>\n<ul>\n<li class=\"p1\"><span class=\"s1\"><b>dr Micha\u0142 Nowakowski<br \/>\n<\/b><\/span>Kogo tak naprawd\u0119 dotyczy AI Act i czy na pewno?<\/li>\n<li class=\"p1\"><strong>Miko\u0142aj Kowalczyk<br \/>\n<\/strong>Sztuczna inteligencja, ale zagro\u017cenia prawdziwe. Czy Twoje systemy AI s\u0105 odporne na ataki?<\/li>\n<li class=\"p1\"><strong>r.pr Magdalena Michalska-Niewiadomska<br \/>\n<\/strong>Regulaminy generatywnych AI w pigu\u0142ce &#8211; czyli co warto wiedzie\u0107, zanim skorzystamy z danego narz\u0119dzia<\/li>\n<li class=\"p1\"><strong>dr Dota Szymborska<br \/>\n<\/strong>Segregujesz odpady? \u015awietnie, segreguj te\u017c dane! Ekologia i podmiotowo\u015b\u0107 w etyce<\/li>\n<li class=\"p1\"><strong>Borys Jastrz\u0119bski<br \/>\n<\/strong>Zatruwa\u0107 czy szczepi\u0107? Jak przechytrzy\u0107 modele generuj\u0105ce obrazy?<\/li>\n<li class=\"p1\"><strong>Aleksandra Tomaszewska<br \/>\n<\/strong>Polskie zasoby j\u0119zykowe a rozwijanie rodzimych LLM-\u00f3w<\/li>\n<\/ul>\n<p>ZG\u0141\u0118BI<strong>AI<\/strong><\/p>\n<ul>\n<li><strong>dr hab. in\u017c. Micha\u0142 Karpowicz<br \/>\n<\/strong>Uczenie ze wzmocnieniem, czyli jak ogra\u0107 mistrza<\/li>\n<li><span class=\"s1\"><b>Micha\u0142 Dulemba<br \/>\n<\/b><\/span>Jak sprawdza\u0107, czy model halucynuje?<\/li>\n<li><strong>Norbert Ryciak<br \/>\n<\/strong>Matematykon AI: Metoda spadku gradientu<\/li>\n<li><strong>Barbara Klaudel<br \/>\n<\/strong>Leksykon AI: Modele wizyjne<\/li>\n<li><strong>Sabina Sujecka<br \/>\n<\/strong>Wyja\u015bnienia modeli AI z perspektywy cz\u0142owieka<\/li>\n<li><strong>Paulina Tomaszewska<br \/>\n<\/strong>Nie wyja\u015bniajmy wizyjnych modeli AI w oderwaniu od kontekstu<\/li>\n<\/ul>\n<p><strong>AI PO GODZINACH\u00a0<\/strong><\/p>\n<ul>\n<li>Graduation Day &#8211; comiesi\u0119czne \u015bwi\u0119to spo\u0142eczno\u015bci CampusAI<\/li>\n<li>CampusAI po godzinach<\/li>\n<li><strong>dr Marta M. Kania<\/strong><br \/>\nRecenzje<\/li>\n<li><strong>Agnieszka Dahlke<\/strong><br \/>\nMnie si\u0119 upiecze, a co z\u0142ego to Joey!<\/li>\n<li>Kalendarium<\/li>\n<\/ul>\n","protected":false},"excerpt":{"rendered":"<p>Zestaw wyda\u0144 papierowych hAI Magazine 1\/2024 + 2\/2024<\/p>\n","protected":false},"featured_media":3544,"template":"","meta":{"_acf_changed":false,"rank_math_lock_modified_date":false},"product_cat":[29],"product_tag":[],"class_list":{"0":"post-6577","1":"product","2":"type-product","3":"status-publish","4":"has-post-thumbnail","6":"product_cat-magazyn","8":"first","9":"instock","10":"taxable","11":"shipping-taxable","12":"purchasable","13":"product-type-simple"},"acf":[],"_links":{"self":[{"href":"https:\/\/haimagazine.com\/pl\/wp-json\/wp\/v2\/product\/6577","targetHints":{"allow":["GET"]}}],"collection":[{"href":"https:\/\/haimagazine.com\/pl\/wp-json\/wp\/v2\/product"}],"about":[{"href":"https:\/\/haimagazine.com\/pl\/wp-json\/wp\/v2\/types\/product"}],"wp:featuredmedia":[{"embeddable":true,"href":"https:\/\/haimagazine.com\/pl\/wp-json\/wp\/v2\/media\/3544"}],"wp:attachment":[{"href":"https:\/\/haimagazine.com\/pl\/wp-json\/wp\/v2\/media?parent=6577"}],"wp:term":[{"taxonomy":"product_cat","embeddable":true,"href":"https:\/\/haimagazine.com\/pl\/wp-json\/wp\/v2\/product_cat?post=6577"},{"taxonomy":"product_tag","embeddable":true,"href":"https:\/\/haimagazine.com\/pl\/wp-json\/wp\/v2\/product_tag?post=6577"}],"curies":[{"name":"wp","href":"https:\/\/api.w.org\/{rel}","templated":true}]}}