{"id":1207,"date":"2024-05-24T09:31:16","date_gmt":"2024-05-24T09:31:16","guid":{"rendered":"https:\/\/haimagazine.com\/?post_type=product&#038;p=1207"},"modified":"2024-08-30T10:33:16","modified_gmt":"2024-08-30T10:33:16","slug":"hai-magazine-1-2024-2","status":"publish","type":"product","link":"https:\/\/haimagazine.com\/pl\/produkt\/hai-magazine-1-2024-2\/","title":{"rendered":"hAI Magazine 1\/2024"},"content":{"rendered":"<h2>Spis tre\u015bci<\/h2>\n<ul>\n<li><span style=\"color: #141413;\">Wst\u0119pniak<\/span><\/li>\n<\/ul>\n<p>POZNAW<strong>AI<\/strong><\/p>\n<ul>\n<li><b>dr Inez Okulska<\/b><br \/>\nKreatywno\u015b\u0107 a generatywna rewolucja (<a href=\"https:\/\/haimagazine.com\/pl\/newsy\/trendy\/kreatywnosc-a-generatywna-rewolucja\/\">ONLINE<\/a>)<\/li>\n<li>redakcja<br \/>\nFakty i mity<\/li>\n<li><b>dr Gabriela Bar<\/b><br \/>\nTw\u00f3rca w dobie sztucznej inteligencji <strong>(<a href=\"https:\/\/haimagazine.com\/pl\/w-szerokim-kadrze\/tworca-w-dobie-sztucznej-inteligencji\/\">ONLINE<\/a>)<\/strong><\/li>\n<li><b>dr in\u017c. Daniel Ura<\/b><br \/>\nKim s\u0105 wirtualne persony? Przysz\u0142o\u015b\u0107 wirtualnych influencer\u00f3w <strong>(<a href=\"https:\/\/haimagazine.com\/pl\/bez-kategorii\/kim-sa-wirtualne-persony-przyszlosc-wirtualnych-influencerow\/\">ONLINE<\/a>)<\/strong><\/li>\n<li><b>Jeremiasz Krok<\/b><br \/>\nSztuczna inteligencja w bran\u017cy marketingowej <strong>(<a href=\"https:\/\/haimagazine.com\/pl\/newsy\/sztuczna-inteligencja-w-branzy-marketingowej-czy-zespoly-kreatywne-faktycznie-czeka-nieunikniona-zaglada\/\">ONLINE<\/a>)<\/strong><\/li>\n<\/ul>\n<p>ODKRYW<strong>AI<\/strong><\/p>\n<ul>\n<li>\u201eCelowe zaburzenie schematu\u201d \u2013 z <b>prof. Aleksandr\u0105 Przegali\u0144sk\u0105\u00a0<\/b>rozmawia dr Inez Okulska <strong>(<a href=\"https:\/\/haimagazine.com\/pl\/newsy\/ludzie-ai\/celowe-zaburzenie-schematu\/\">ONLINE<\/a>)<\/strong><\/li>\n<li>\u201eZapomnij o w\u0142asnej dziedzinie i rozejrzyj si\u0119 wok\u00f3\u0142\u201d \u2013 z <b>prof. Piotrem Sankowskim <\/b>rozmawia dr Inez Okulska <strong>(<a href=\"https:\/\/haimagazine.com\/pl\/newsy\/ludzie-ai\/zapomnij-o-swojej-dziedzinie-i-rozejrzyj-sie-wokol\/\">ONLINE<\/a>)<\/strong><\/li>\n<li>redakcja<br \/>\nDok\u0105d zmierzasz, AI?<\/li>\n<li>redakcja<br \/>\nJak to si\u0119 robi w biznesie? Kr\u00f3tki przegl\u0105d ciekawych wdro\u017ce\u0144 (<a href=\"https:\/\/haimagazine.com\/pl\/u-nich-dziala\/przeglad-ciekawych-wdrozen-ai-maj-2024\/\"><strong>ONLINE<\/strong><\/a>)<\/li>\n<li>artyku\u0142 partnerski<br \/>\nMyMuse.ai. Stw\u00f3rz obraz z AI i powie\u015b go na \u015bcianie<\/li>\n<li>redakcja<br \/>\nJak to si\u0119 robi w nauce? Kr\u00f3tki przegl\u0105d ciekawych projekt\u00f3w badawczych (<strong><a href=\"https:\/\/haimagazine.com\/pl\/u-nich-dziala\/przeglad-ciekawych-projektow-naukowych-ai-maj-2024\/\">ONLINE<\/a><\/strong>)<\/li>\n<li><b>Konrad Sowa<\/b><br \/>\nCzy Twoja osobowo\u015b\u0107 wp\u0142ywa na interakcj\u0119 z AI? <strong>(<a href=\"https:\/\/haimagazine.com\/pl\/newsy\/ciekawostki-etc\/czy-twoja-osobowosc-wplywa-na-interakcje-z-ai\/\">ONLINE<\/a>)<\/strong><\/li>\n<\/ul>\n<p>DO\u015aWIADCZ<strong>AI<\/strong><\/p>\n<ul>\n<li><b>Micha\u0142 Sadowski<\/b><br \/>\nNadaj swojej pracy nowy wymiar jako\u015bci dzi\u0119ki AI <strong>(<a href=\"https:\/\/haimagazine.com\/pl\/ai-w-praktyce\/nadaj-swojej-pracy-nowy-wymiar-jakosci-dzieki-ai\/\">ONLINE<\/a>)<\/strong><\/li>\n<li><b>Adrian Kilar<\/b><br \/>\nNarz\u0119dzia AI dla tw\u00f3rc\u00f3w internetowych <strong>(<a href=\"https:\/\/haimagazine.com\/pl\/ai-w-praktyce\/narzedzia-ai-dla-tworcow-internetowych\/\">ONLINE<\/a>)<\/strong><\/li>\n<li><strong>Campus AI<\/strong><br \/>\nTy+AI \u2013 Wsp\u00f3\u0142praca, kt\u00f3rej mo\u017cemy Ci\u0119 nauczy\u0107 <strong>(<a href=\"https:\/\/haimagazine.com\/pl\/ai-w-praktyce\/tyai-wspolpraca-ktorej-mozemy-cie-nauczyc\/\">ONLINE<\/a>)<\/strong><\/li>\n<li><b>dr Ewa Chamczyk<\/b><br \/>\nStw\u00f3rz swojego awatara <strong>(<a href=\"https:\/\/haimagazine.com\/pl\/ai-w-praktyce\/stworz-swojego-awatara\/\">ONLINE<\/a>)<\/strong><\/li>\n<li><b>Sebastian Kondracki<\/b><br \/>\nRAG na sterydach, czyli generowanie tre\u015bci z turbodo\u0142adowaniem <strong>(<a href=\"https:\/\/haimagazine.com\/pl\/ai-w-praktyce\/rag-na-sterydach-czyli-generowanie-tresci-z-turbodoladowaniem\/\">ONLINE<\/a>)<\/strong><\/li>\n<\/ul>\n<p>KORZYST<b>AI<\/b><\/p>\n<ul>\n<li><b>dr Adam Gonczarek<\/b><br \/>\nEkonomika LLM, czyli jak policzy\u0107 koszty wykorzystania komercyjnych modeli AI we w\u0142asnym biznesie <strong>(<a href=\"https:\/\/haimagazine.com\/pl\/ai-w-praktyce\/ekonomika-llm-czyli-jak-policzyc-koszty-wykorzystania-komercyjnych-modeli-ai-we-wlasnym-biznesie\/\">ONLINE<\/a>)<\/strong><\/li>\n<li><b>Aleksandra Tomaszewska<\/b><br \/>\nKorpusy AI w 2024 roku. W kierunku danych lepszej jako\u015bci <strong>(<a href=\"https:\/\/haimagazine.com\/pl\/ai-w-praktyce\/korpusy-w-ai-w-2024-roku-w-kierunku-danych-lepszej-jakosci\/\">ONLINE<\/a>)<\/strong><\/li>\n<li><b>dr Dota Szymborska<\/b><br \/>\nMoralno\u015b\u0107 algorytm\u00f3w. Czy mo\u017cna wyliczy\u0107 i zaprogramowa\u0107 dobro? <strong>(<a href=\"https:\/\/haimagazine.com\/pl\/ai-w-praktyce\/moralnosc-algorytmow-czy-mozna-wyliczyc-i-zaprogramowac-dobro\/\">ONLINE<\/a>)<\/strong><\/li>\n<li><b>Pamela Krzypkowska<\/b><br \/>\nAI Act \u2013 wszystko, co musicie wiedzie\u0107 i o co nie boicie si\u0119 zapyta\u0107 <strong>(<a href=\"https:\/\/haimagazine.com\/pl\/ai-w-praktyce\/ai-act-wszystko-co-musicie-wiedziec-i-o-co-nie-boicie-sie-zapytac\/\">ONLINE<\/a>)<\/strong><\/li>\n<li><b>dr Micha\u0142 Nowakowski<\/b><br \/>\nCi\u0119\u017cki trening, widoczne efekty. Jak w zgodzie z przepisami wzmocni\u0107 model dobrymi danymi <strong>(<a href=\"https:\/\/haimagazine.com\/pl\/ai-w-praktyce\/ciezki-trening-widoczne-efekty-jak-w-zgodzie-z-przepisami-wzmocnic-model-dobrymi-danymi\/\">ONLINE<\/a>)<\/strong><\/li>\n<li><b>Kamil Porembi\u0144ski<\/b><br \/>\nBezpiecze\u0144stwo korzystania z narz\u0119dzi AI <strong>(<a href=\"https:\/\/haimagazine.com\/pl\/ai-w-praktyce\/bezpieczenstwo-korzystania-z-narzedzi-ai\/\">ONLINE<\/a>)<\/strong><\/li>\n<\/ul>\n<p>ZG\u0141\u0118BI<b>AI<\/b><\/p>\n<ul>\n<li><b>Zuza Kwiatkowska<\/b><br \/>\nTransformer \u2013 architektura, kt\u00f3ra zapocz\u0105tkowa\u0142a generatywn\u0105 rewolucj\u0119 <strong>(<a href=\"https:\/\/haimagazine.com\/pl\/pod-lupa\/wyjasniamy\/transformer-jak-dziala-rewolucyjna-architektura\/\">ONLINE<\/a>)<\/strong><\/li>\n<li><b>dr in\u017c. Agnieszka Miko\u0142ajczyk-Bare\u0142a<\/b><br \/>\nJak budowa\u0107 efektywne modele multimodalne? <strong>(<a href=\"https:\/\/haimagazine.com\/pl\/pod-lupa\/jak-budowac-efektywne-modele-multimodalne\/\">ONLINE<\/a>)<\/strong><\/li>\n<li><b>prof. Przemys\u0142aw Biecek<\/b><br \/>\nSprawiedliwo\u015b\u0107 nie istnieje i mo\u017cna to udowodni\u0107 <strong>(<a href=\"https:\/\/haimagazine.com\/pl\/ai-w-praktyce\/sprawiedliwosc-nie-istnieje-i-mozna-to-udowodnic\/\">ONLINE<\/a>)<\/strong><\/li>\n<li><b>dr in\u017c. Marek Koz\u0142owski<\/b><br \/>\nAI Leksykon: Modele j\u0119zykowe <strong>(<a href=\"https:\/\/haimagazine.com\/pl\/pod-lupa\/modele-jezykowe\/\">ONLINE<\/a>)<\/strong><\/li>\n<li><b>Norbert Ryciak<\/b><br \/>\nAI Matematykon: Funkcja straty <strong>(<a href=\"https:\/\/haimagazine.com\/pl\/pod-lupa\/matematykon-ai\/funkcja-straty\/\">ONLINE<\/a>)<\/strong><\/li>\n<\/ul>\n<p><b>AI <\/b>PO GODZINACH<b><br \/>\n<\/b><\/p>\n<ul>\n<li><b>Dominika Bucholc, Aureliusz G\u00f3rski<\/b><br \/>\nDemokratyzacja dost\u0119pu do AI <strong>(<a href=\"https:\/\/haimagazine.com\/pl\/spolecznosc-ai\/spolecznosc-campusai\/demokratyzacja-dostepu-do-ai\/\">ONLINE<\/a>)<\/strong><\/li>\n<li><b>dr Marta M. Kania<\/b><br \/>\nRecenzje:<br \/>\nWarstwy Matrixa<strong>(<a href=\"https:\/\/haimagazine.com\/pl\/newsy\/ciekawostki-etc\/warstwy-matrixa\/\">ONLINE<\/a>)<br \/>\n<\/strong>Szcz\u0119\u015bliwy zwrot akcji? Przewodnik po wsp\u00f3\u0142inteligencji <strong>(<a href=\"https:\/\/haimagazine.com\/pl\/newsy\/ciekawostki-etc\/szczesliwy-zwrot-akcji-przewodnik-po-wspolinteligencji\/\">ONLINE<\/a>)<\/strong><\/li>\n<li>redakcja<br \/>\nWsp\u00f3lne chwile, niezliczone mo\u017cliwo\u015bci,<br \/>\nczyli generatywna AI dla dzieci i rodzic\u00f3w <strong>(<a href=\"https:\/\/haimagazine.com\/pl\/ai-w-praktyce\/wspolne-chwile-niezliczone-mozliwosci-czyli-generatywna-ai-dla-dzieci-i-rodzicow\/\">ONLINE<\/a>)<\/strong><\/li>\n<li><b>Agnieszka Dahlke<\/b><br \/>\nO m\u00f3j porze! <strong>(<a href=\"https:\/\/haimagazine.com\/pl\/ai-w-praktyce\/o-moj-porze\/\">ONLINE<\/a>)<\/strong><\/li>\n<li>Wydarzenia bran\u017cowe \u2013 dzia\u0142o si\u0119<\/li>\n<li>Wydarzenia bran\u017cowe \u2013 b\u0119dzie si\u0119 dzia\u0142o<\/li>\n<\/ul>\n","protected":false},"excerpt":{"rendered":"<p>Wydanie papierowe hAI Magazine 1\/2024<\/p>\n","protected":false},"featured_media":3542,"template":"","meta":{"_acf_changed":false,"rank_math_lock_modified_date":false},"product_cat":[29],"product_tag":[],"class_list":{"0":"post-1207","1":"product","2":"type-product","3":"status-publish","4":"has-post-thumbnail","6":"product_cat-magazyn","8":"first","9":"instock","10":"taxable","11":"shipping-taxable","12":"purchasable","13":"product-type-simple"},"acf":[],"_links":{"self":[{"href":"https:\/\/haimagazine.com\/pl\/wp-json\/wp\/v2\/product\/1207","targetHints":{"allow":["GET"]}}],"collection":[{"href":"https:\/\/haimagazine.com\/pl\/wp-json\/wp\/v2\/product"}],"about":[{"href":"https:\/\/haimagazine.com\/pl\/wp-json\/wp\/v2\/types\/product"}],"wp:featuredmedia":[{"embeddable":true,"href":"https:\/\/haimagazine.com\/pl\/wp-json\/wp\/v2\/media\/3542"}],"wp:attachment":[{"href":"https:\/\/haimagazine.com\/pl\/wp-json\/wp\/v2\/media?parent=1207"}],"wp:term":[{"taxonomy":"product_cat","embeddable":true,"href":"https:\/\/haimagazine.com\/pl\/wp-json\/wp\/v2\/product_cat?post=1207"},{"taxonomy":"product_tag","embeddable":true,"href":"https:\/\/haimagazine.com\/pl\/wp-json\/wp\/v2\/product_tag?post=1207"}],"curies":[{"name":"wp","href":"https:\/\/api.w.org\/{rel}","templated":true}]}}