{"id":91,"date":"2024-05-13T08:36:17","date_gmt":"2024-05-13T08:36:17","guid":{"rendered":"https:\/\/haimagazine.com\/?page_id=91"},"modified":"2024-05-13T08:36:20","modified_gmt":"2024-05-13T08:36:20","slug":"polityka-prywatnosci","status":"publish","type":"page","link":"https:\/\/haimagazine.com\/pl\/polityka-prywatnosci\/","title":{"rendered":"Polityka prywatno\u015bci"},"content":{"rendered":"<p>Polityka prywatno\u015bci (\u201e<strong>Polityka<\/strong>\u201d) ma na celu wyja\u015bnienie zasad przetwarzania Twoich danych osobowych (\u201e<strong>Dane<\/strong>\u201d), uzyskanych za po\u015brednictwem platformy CampusAI\u00a0<a href=\"https:\/\/campusai.pl\/\" target=\"_blank\" rel=\"noopener\">https:\/\/haimagazine.com\/<\/a>\u00a0(\u201e<strong>Platforma<\/strong>\u201d). Dok\u0142adamy stara\u0144, aby Dane by\u0142y przetwarzane zgodnie z prawem, w tym zgodnie z Rozporz\u0105dzeniem Parlamentu Europejskiego i Rady (UE) 2016\/679 z 27 kwietnia 2016 r. w sprawie ochrony os\u00f3b fizycznych w zwi\u0105zku z przetwarzaniem danych osobowych i swobodnym przep\u0142ywem takich danych oraz uchylenia dyrektywy 95\/46\/WE (og\u00f3lne rozporz\u0105dzenie o ochronie danych) (\u201e<strong>RODO<\/strong>\u201d).<\/p><p>Poj\u0119cia u\u017cyte w Polityce maj\u0105 znaczenie nadane im w Regulaminie Platformy dost\u0119pnym\u00a0<strong>tutaj<\/strong>.<\/p><p>Polityka dotyczy przetwarzania Twoich Danych, je\u017celi masz status osoby korzystaj\u0105cej z naszej Platformy, w tym U\u017cytkownika albo osoby reprezentuj\u0105cej U\u017cytkownika.<\/p><p><strong>1.&nbsp;Informacje o przetwarzaniu Danych<\/strong><\/p><ol class=\"wp-block-list\"><li>Administratorem Danych jest CampusAI P.S.A. z siedzib\u0105 w Warszawie (ul. Chmielna 73, 00-801 Warszawa, Polska), wpisana do rejestru przedsi\u0119biorc\u00f3w Krajowego Rejestru S\u0105dowego przez S\u0105d Rejonowy dla m. st. Warszawy, XIII Wydzia\u0142 Gospodarczy Krajowego Rejestru S\u0105dowego, pod numerem KRS: 0001030100, NIP: 5273051714, wysoko\u015b\u0107 kapita\u0142u akcyjnego: 1 000,00 z\u0142 (\u201e<strong>My<\/strong>\u201d lub \u201e<strong>CampusAI<\/strong>\u201d).<\/li>\n\n<li>W sprawie pyta\u0144, wniosk\u00f3w i skarg dotycz\u0105cych przetwarzania Danych (\u201e<strong>Zg\u0142oszenia<\/strong>\u201d) mo\u017cesz skontaktowa\u0107 si\u0119 z nami:<br>2.1. za po\u015brednictwem korespondencji e-mail: info@campusai.pl; lub<br>2.2.\u00a0pisemnie na adres: ul. Chmielna 73, 00-801 Warszawa, Polska.<\/li>\n\n<li>W Zg\u0142oszeniu podaj: (i) Dane osoby, kt\u00f3rej dotyczy Zg\u0142oszenie, (ii) opis zdarzenia, kt\u00f3rego dotyczy Zg\u0142oszenie oraz (iii) oczekiwany przez Ciebie spos\u00f3b rozwi\u0105zania zg\u0142aszanej kwestii.<\/li>\n\n<li>W ramach Platformy przetwarzamy Dane w celu:<br>4.1. realizacji zawartej z Tob\u0105 Umowy, w tym dostarczania Produkt\u00f3w \u2013 na podstawie art. 6 ust 1 lit. b) RODO;<br>4.2. przesy\u0142ania do Ciebie informacji handlowych (newslettera), gdy wyrazisz na to zgod\u0119 &#8211; na podstawie art. 6 ust. 1 lit. a) RODO;<br>4.3. realizacji ci\u0105\u017c\u0105cych na nas obowi\u0105zk\u00f3w prawnych (np. wynikaj\u0105cych z przepis\u00f3w ksi\u0119gowych, podatkowych) \u2013 na podstawie art. 6 ust. 1 lit. c) RODO;<br>4.4. realizacji naszego prawnie uzasadnionego interesu, kt\u00f3rym jest: (i) ustalenie, dochodzenie lub obrona przed roszczeniami; (ii) prowadzenie w ramach Platformy dzia\u0142a\u0144 analitycznych, marketingowych lub statystycznych oraz stosowanie plik\u00f3w cookies; (iii) kontakt z Tob\u0105, np. gdy skontaktujesz si\u0119 z nami za po\u015brednictwem formularza kontaktowego lub w zwi\u0105zku ze Zg\u0142oszeniem; (iv) je\u017celi jeste\u015b osob\u0105 reprezentuj\u0105c\u0105 U\u017cytkownika lub wyznaczon\u0105 przez niego do kontaktu \u2013 realizacja umowy zawartej z podmiotem, kt\u00f3ry reprezentujesz \u2013 na podstawie art. 6 ust. 1 lit. f) RODO).<\/li>\n\n<li>Bardziej szczeg\u00f3\u0142owe informacje, w tym podstawy prawne dotycz\u0105ce przetwarzania Danych w ramach poszczeg\u00f3lnych plik\u00f3w cookies opisali\u015bmy w \u00a72 poni\u017cej.<\/li>\n\n<li>Mo\u017cemy przekazywa\u0107 Dane do podmiot\u00f3w wsp\u00f3\u0142pracuj\u0105cych z nami, w tym dostawc\u00f3w system\u00f3w IT, operator\u00f3w p\u0142atno\u015bci, dostawc\u00f3w us\u0142ug prawnych, ksi\u0119gowych, windykacyjnych lub szkoleniowych, firm \u015bwiadcz\u0105cych us\u0142ugi kurierskie, pocztowe, a tak\u017ce wszystkim instytucjom upowa\u017cnionym na podstawie obowi\u0105zuj\u0105cych przepis\u00f3w prawa, w szczeg\u00f3lno\u015bci s\u0105dom i urz\u0119dom skarbowym.<\/li>\n\n<li>W uzasadnionych przypadkach Twoje Dane mog\u0105 by\u0107 przesy\u0142ane poza EOG. W\u00f3wczas zapewniamy ich poufno\u015b\u0107 oraz zapewniamy, \u017ce przekazane b\u0119d\u0105 tylko Dane niezb\u0119dne do prawid\u0142owego wykonania Umowy a przekazanie oparte b\u0119dzie na odpowiednich zabezpieczeniach wymaganych przez prawo.<\/li>\n\n<li>Nie b\u0119dziemy b\u0119dzie przechowywa\u0107 Danych d\u0142u\u017cej ni\u017c jest to konieczne do \u015bwiadczenia us\u0142ug, w tym dostarczania Produkt\u00f3w, dla kt\u00f3rych by\u0142y one zbierane, chyba \u017ce b\u0119dzie to wynika\u0107 z przepis\u00f3w prawa.<\/li>\n\n<li>Je\u017celi jeste\u015b osob\u0105 reprezentuj\u0105c\u0105 U\u017cytkownika lub wyznaczon\u0105 przez niego do kontaktu z nami, otrzymali\u015bmy Twoje Dane (w postaci: imienia, nazwiska, adresu e-mail, numeru telefonu oraz stanowiska s\u0142u\u017cbowego) od U\u017cytkownika, kt\u00f3rego jeste\u015b przedstawicielem lub w kt\u00f3rego imieniu dzia\u0142asz.<\/li>\n\n<li>W przypadku gdy przetwarzamy Dane na podstawie Twojej zgody, masz prawo do cofni\u0119cia zgody w dowolnym momencie. Przetwarzanie Danych do momentu cofni\u0119cia przez Ciebie zgody pozostaje zgodne z prawem.<\/li>\n\n<li>Masz prawo wniesienia skargi do organu nadzorczego, w Polsce: Prezesa Urz\u0119du Ochrony Danych Osobowych.<\/li>\n\n<li>Masz prawo do \u017c\u0105dania od nas dost\u0119pu do Danych, ich sprostowania, usuni\u0119cia lub ograniczenia przetwarzania Danych lub prawo do wniesienia sprzeciwu wobec przetwarzania Danych, a tak\u017ce prawo do przenoszenia Danych.<\/li>\n\n<li>Podanie przez Ciebie Danych jest dobrowolne, ale niezb\u0119dne do zawarcia Umowy \u2013 bez ich podania nie b\u0119dziemy mogli jej z Tob\u0105 zawrze\u0107.W ramach Platformy nie b\u0119dziesz podlega\u0107 zautomatyzowanemu podejmowaniu decyzji, w tym profilowaniu.<\/li><\/ol><p><br><strong>2. Pliki cookies<\/strong><\/p><ol class=\"wp-block-list\"><li>W ramach Platformy korzystamy z plik\u00f3w cookies lub innych podobnych technologii, dlatego korzystanie z Platformy wymaga umieszczenia w Twoim Urz\u0105dzeniu Ko\u0144cowym ma\u0142ych plik\u00f3w tekstowych z informacjami wykorzystywanymi przez strony internetowe, \u0142\u0105cz\u0105cych si\u0119 z Twoj\u0105 przegl\u0105dark\u0105 oraz innych mechanizm\u00f3w przechowywania danych \u2013 zwanych \u0142\u0105cznie plikami cookies. Podczas korzystania z Platformy, pobieramy z przegl\u0105darek i zapisujemy informacje, kt\u00f3re mog\u0105 zawiera\u0107 Dane.<\/li>\n\n<li>Informujemy, \u017ce wykorzystujemy niezb\u0119dne pliki cookies w celu dostarczania Ci us\u0142ug oraz zapewnienia funkcjonalno\u015bci Platformy. Podstaw\u0105 prawn\u0105 przetwarzania Danych w zwi\u0105zku ze stosowaniem niezb\u0119dnych plik\u00f3w cookies jest niezb\u0119dno\u015b\u0107 przetwarzania do wykonania umowy &#8211; na podstawie art. 6 ust. 1 lit. b) RODO, w przypadku gdy zawrzemy z Tob\u0105 Umow\u0119 &#8211; lub nasz prawnie uzasadniony interes z art. 6 ust. 1 lit. f) RODO), kt\u00f3rym jest zapewnienie najwy\u017cszej jako\u015bci us\u0142ug w ramach Platformy.<\/li>\n\n<li>W zakresie pozosta\u0142ych plik\u00f3w cookies tzw. \u201eplik\u00f3w opcjonalnych\u201d, podstaw\u0105 prawn\u0105 przetwarzania Danych w zwi\u0105zku ze stosowaniem plik\u00f3w cookies, w tym w zakresie dostosowania funkcjonalno\u015bci Platformy do Twoich potrzeb i preferencji, jest Twoja zgoda &#8211; art. 6 ust. 1 lit. a) RODO. Zarz\u0105dzaj\u0105c ustawieniami plik\u00f3w cookies we w\u0142asnej przegl\u0105darce, w ka\u017cdym czasie mo\u017cesz wycofa\u0107 udzielone zgody.<\/li>\n\n<li>Okres aktywno\u015bci plik\u00f3w cookies jest nast\u0119puj\u0105cy: w przypadku plik\u00f3w cookies czasowych \u2013 pliki s\u0105 automatycznie usuwane po okre\u015blonej dacie wa\u017cno\u015bci; w przypadku plik\u00f3w cookies sta\u0142ych \u2013 pliki s\u0105 aktywne na Twojej przegl\u0105darce do chwili ich usuni\u0119cia, co mo\u017cesz zrobi\u0107 w dowolnym momencie.<\/li>\n\n<li>Masz prawo do skorzystania z oferowanych przez ka\u017cd\u0105 przegl\u0105dark\u0119 mo\u017cliwo\u015bci zarz\u0105dzania plikami cookies. W celu pozyskania dodatkowych informacji mo\u017cesz zapozna\u0107 si\u0119 z ustawieniami prywatno\u015bci\/bezpiecze\u0144stwa w u\u017cywanej przegl\u0105darce. Usuni\u0119cie plik\u00f3w cookies mo\u017ce mie\u0107 wp\u0142yw na poprawne dzia\u0142anie Platformy i jej funkcjonalno\u015bci, prawid\u0142owo\u015b\u0107 wy\u015bwietlania Platformy oraz utrat\u0119 preferowanych ustawie\u0144 stron internetowych w ramach Platformy. Zablokowanie lub ograniczenie dost\u0119pu plik\u00f3w cookies do Twojego urz\u0105dzenia mo\u017ce wp\u0142yn\u0105\u0107 negatywnie na funkcjonalno\u015b\u0107 Platformy.<\/li>\n\n<li>Pliki cookies oraz znaczniki pikselowe mog\u0105 by\u0107 r\u00f3wnie\u017c wykorzystane przez podmioty trzecie (np. Google, Facebook) do udost\u0119pnienia w\u0142asnych tre\u015bci czy reklam na stronach internetowych lub portalach w oparciu o zapisy z tych plik\u00f3w oraz z tych znacznik\u00f3w pikselowych.<\/li>\n\n<li>Wykorzystujemy nast\u0119puj\u0105ce rodzaje plik\u00f3w cookies: (i) niezb\u0119dne \u2013 konieczne do w\u0142a\u015bciwego funkcjonowania Platformy, w tym przechowuj\u0105ce Twoj\u0105 sesj\u0119 oraz umo\u017cliwiaj\u0105ce dzia\u0142anie i usprawniaj\u0105ce funkcjonowanie Platformy; (ii) analityczne \u2013 umo\u017cliwiaj\u0105ce prowadzenie analiz i statystyk dotycz\u0105cych Platformy, (iii) funkcjonalne \u2013 stosowane w celu zapami\u0119tania i dostosowania Platformy do Twoich wybor\u00f3w i (iv) reklamowe \u2013 w przypadku prowadzenia kampanii reklamowych, aby dostosowa\u0107 do Ciebie reklam\u0119 i zapami\u0119ta\u0107 jej ustawienia. Ponadto w ramach w\/w rodzaj\u00f3w plik\u00f3w cookies wykorzystujemy tak\u017ce zewn\u0119trzne pliki cookies, tj. umieszczane przez podmioty zewn\u0119trzne (takie jak Google Analitics czy Pixel Facebooka). W przypadku zewn\u0119trznych plik\u00f3w cookies, zasady ich przetwarzania opisane s\u0105 tak\u017ce odr\u0119bnymi dokumentami udost\u0119pnianymi przez podmioty trzecie.<\/li><\/ol><p><strong>3. Postanowienia ko\u0144cowe<\/strong><\/p><ol class=\"wp-block-list\"><li>Rozw\u00f3j technologii oraz rozw\u00f3j naszej oferty powoduje, \u017ce Polityka mo\u017ce ulec zmianom, o kt\u00f3rych b\u0119dziemy Ci\u0119 informowa\u0107 za po\u015brednictwem Platformy lub wiadomo\u015bci e-mail.<\/li>\n\n<li>Data ostatniej modyfikacji Polityki: 12.12.2023 r.<\/li><\/ol>","protected":false},"excerpt":{"rendered":"<p>Polityka prywatno\u015bci (\u201ePolityka\u201d) ma na celu wyja\u015bnienie zasad przetwarzania Twoich danych osobowych (\u201eDane\u201d), uzyskanych za po\u015brednictwem platformy CampusAI\u00a0https:\/\/haimagazine.com\/\u00a0(\u201ePlatforma\u201d). Dok\u0142adamy stara\u0144, aby Dane by\u0142y przetwarzane zgodnie z prawem, w tym zgodnie z Rozporz\u0105dzeniem Parlamentu Europejskiego i Rady (UE) 2016\/679 z 27 kwietnia 2016 r. w sprawie ochrony os\u00f3b fizycznych w zwi\u0105zku z przetwarzaniem danych osobowych i [&hellip;]<\/p>\n","protected":false},"author":4,"featured_media":0,"parent":0,"menu_order":0,"comment_status":"closed","ping_status":"closed","template":"","meta":{"_acf_changed":false,"rank_math_lock_modified_date":false,"footnotes":""},"class_list":["post-91","page","type-page","status-publish","hentry"],"acf":[],"_links":{"self":[{"href":"https:\/\/haimagazine.com\/pl\/wp-json\/wp\/v2\/pages\/91","targetHints":{"allow":["GET"]}}],"collection":[{"href":"https:\/\/haimagazine.com\/pl\/wp-json\/wp\/v2\/pages"}],"about":[{"href":"https:\/\/haimagazine.com\/pl\/wp-json\/wp\/v2\/types\/page"}],"author":[{"embeddable":true,"href":"https:\/\/haimagazine.com\/pl\/wp-json\/wp\/v2\/users\/4"}],"replies":[{"embeddable":true,"href":"https:\/\/haimagazine.com\/pl\/wp-json\/wp\/v2\/comments?post=91"}],"version-history":[{"count":1,"href":"https:\/\/haimagazine.com\/pl\/wp-json\/wp\/v2\/pages\/91\/revisions"}],"predecessor-version":[{"id":92,"href":"https:\/\/haimagazine.com\/pl\/wp-json\/wp\/v2\/pages\/91\/revisions\/92"}],"wp:attachment":[{"href":"https:\/\/haimagazine.com\/pl\/wp-json\/wp\/v2\/media?parent=91"}],"curies":[{"name":"wp","href":"https:\/\/api.w.org\/{rel}","templated":true}]}}