{"id":17773,"date":"2026-03-11T21:04:37","date_gmt":"2026-03-11T20:04:37","guid":{"rendered":"https:\/\/haimagazine.com\/?page_id=17773"},"modified":"2026-03-11T21:04:40","modified_gmt":"2026-03-11T20:04:40","slug":"demo-access-typ","status":"publish","type":"page","link":"https:\/\/haimagazine.com\/pl\/demo-access-typ\/","title":{"rendered":"Dost\u0119p demo thank you"},"content":{"rendered":"<div class=\"wp-block-group alignfull ai-flash-section has-global-padding is-layout-constrained wp-block-group-is-layout-constrained has-background\" style=\"min-height:80vh;padding-top:var(--wp--preset--spacing--72);padding-bottom:var(--wp--preset--spacing--72);background-image:url(&apos;https:\/\/haimagazine.com\/wp-content\/uploads\/2026\/03\/3042.avif&apos;);background-position:31% 24%;background-size:cover;\"><div class=\"wp-block-columns is-layout-flex wp-container-core-columns-is-layout-28f84493 wp-block-columns-is-layout-flex\"><div class=\"wp-block-column is-layout-flow wp-block-column-is-layout-flow\" style=\"flex-basis:45%\"><h1 class=\"wp-block-heading dot has-base-color has-text-color has-link-color wp-elements-941559cdc6a6e4055cd23669e0986458\">Dzi\u0119kujemy za do\u0142\u0105czenie!<\/h1>\n\n<h3 class=\"wp-block-heading has-base-color has-text-color has-link-color wp-elements-e90bbaeaea6bec3f9ce53cb1f001b34d\" style=\"font-size:clamp(15.747px, 0.984rem + ((1vw - 3.2px) * 0.625), 24px);\">Za chwil\u0119 zostaniesz przeniesiony na stron\u0119 g\u0142\u00f3wn\u0105&#8230;<\/h3><\/div>\n\n<div class=\"wp-block-column is-layout-flow wp-block-column-is-layout-flow\" style=\"flex-basis:55%\"><div class=\"wp-block-group has-global-padding is-layout-constrained wp-block-group-is-layout-constrained\"><div class=\"wp-block-columns is-layout-flex wp-container-core-columns-is-layout-543a0bf8 wp-block-columns-is-layout-flex\" style=\"margin-top:var(--wp--preset--spacing--56)\"><div class=\"wp-block-column is-layout-flow wp-block-column-is-layout-flow\"><\/div>\n\n<div class=\"wp-block-column is-layout-flow wp-block-column-is-layout-flow\"><\/div><\/div><\/div><\/div><\/div><\/div>","protected":false},"excerpt":{"rendered":"<p>Dzi\u0119kujemy za do\u0142\u0105czenie! Za chwil\u0119 zostaniesz przeniesiony na stron\u0119 g\u0142\u00f3wn\u0105&#8230;<\/p>\n","protected":false},"author":122,"featured_media":0,"parent":0,"menu_order":0,"comment_status":"closed","ping_status":"closed","template":"","meta":{"_acf_changed":false,"rank_math_lock_modified_date":false,"footnotes":""},"class_list":["post-17773","page","type-page","status-publish","hentry"],"acf":[],"_links":{"self":[{"href":"https:\/\/haimagazine.com\/pl\/wp-json\/wp\/v2\/pages\/17773","targetHints":{"allow":["GET"]}}],"collection":[{"href":"https:\/\/haimagazine.com\/pl\/wp-json\/wp\/v2\/pages"}],"about":[{"href":"https:\/\/haimagazine.com\/pl\/wp-json\/wp\/v2\/types\/page"}],"author":[{"embeddable":true,"href":"https:\/\/haimagazine.com\/pl\/wp-json\/wp\/v2\/users\/122"}],"replies":[{"embeddable":true,"href":"https:\/\/haimagazine.com\/pl\/wp-json\/wp\/v2\/comments?post=17773"}],"version-history":[{"count":2,"href":"https:\/\/haimagazine.com\/pl\/wp-json\/wp\/v2\/pages\/17773\/revisions"}],"predecessor-version":[{"id":17777,"href":"https:\/\/haimagazine.com\/pl\/wp-json\/wp\/v2\/pages\/17773\/revisions\/17777"}],"wp:attachment":[{"href":"https:\/\/haimagazine.com\/pl\/wp-json\/wp\/v2\/media?parent=17773"}],"curies":[{"name":"wp","href":"https:\/\/api.w.org\/{rel}","templated":true}]}}