{"id":1401,"date":"2024-05-29T10:20:56","date_gmt":"2024-05-29T10:20:56","guid":{"rendered":"https:\/\/haimagazine.com\/?page_id=1401"},"modified":"2025-07-25T09:36:46","modified_gmt":"2025-07-25T07:36:46","slug":"kontakt","status":"publish","type":"page","link":"https:\/\/haimagazine.com\/pl\/kontakt\/","title":{"rendered":"Kontakt"},"content":{"rendered":"<div class=\"wp-block-group has-global-padding is-layout-constrained wp-block-group-is-layout-constrained\" style=\"padding-top:var(--wp--preset--spacing--96);padding-bottom:var(--wp--preset--spacing--96)\"><div class=\"wp-block-columns is-layout-flex wp-container-core-columns-is-layout-28f84493 wp-block-columns-is-layout-flex\"><div class=\"wp-block-column is-layout-flow wp-block-column-is-layout-flow\"><h2 class=\"wp-block-heading has-large-font-size\" style=\"margin-bottom:var(--wp--preset--spacing--16)\">Dane firmy<\/h2>\n\n<p class=\"has-small-font-size\" style=\"margin-bottom:var(--wp--preset--spacing--4)\"><a href=\"https:\/\/maps.app.goo.gl\/yUtsA8Qj2WTPzgAa7\" target=\"_blank\" rel=\"noreferrer noopener\">CampusAI Prosta Sp\u00f3\u0142ka Akcyjna<\/a><br><a href=\"https:\/\/maps.app.goo.gl\/yUtsA8Qj2WTPzgAa7\" target=\"_blank\" rel=\"noreferrer noopener\">Ul. Chmielna 73<\/a><br><a href=\"https:\/\/maps.app.goo.gl\/yUtsA8Qj2WTPzgAa7\" target=\"_blank\" rel=\"noreferrer noopener\">00-801 Warszawa<\/a><\/p>\n\n<h2 class=\"wp-block-heading has-large-font-size\">Skontaktuj si\u0119 z nami<\/h2>\n\n<p>Je\u015bli jeste\u015b zainteresowany\/na wsp\u00f3\u0142prac\u0105 z&nbsp;<strong>hAI Magazine<\/strong>, zapraszamy do kontaktu. Ch\u0119tnie nawi\u0105\u017cemy dialog z firmami, instytucjami oraz tw\u00f3rcami, dla kt\u00f3rych sztuczna inteligencja jest istotnym obszarem dzia\u0142alno\u015bci.<\/p>\n\n<p><strong>Wsp\u00f3\u0142praca biznesowa i reklamowa<\/strong><br>Planujesz kampani\u0119 promocyjn\u0105, partnerstwo lub inn\u0105 form\u0119 wsp\u00f3\u0142pracy biznesowej? Skontaktuj si\u0119 z nami, aby om\u00f3wi\u0107 szczeg\u00f3\u0142y: <a href=\"mailto:kdudzinska@haimagazine.com\">kdudzinska@haimagazine.com<\/a><\/p>\n\n<p><strong><strong>Patronaty medialne i wsp\u00f3\u0142praca redakcyjna<\/strong><\/strong><br>Je\u015bli organizujesz wydarzenie, wydajesz publikacj\u0119 lub prowadzisz projekt zwi\u0105zany z AI i chcesz nawi\u0105za\u0107 wsp\u00f3\u0142prac\u0119 medialn\u0105, napisz do nas: <a href=\"mailto:contact@haimagazine.com\">contact@haimagazine.com<\/a><\/p>\n\n<p><strong><strong><strong>Kontakt w innych sprawach<\/strong><\/strong><\/strong><br>Masz pytania dotycz\u0105ce naszej dzia\u0142alno\u015bci lub inny temat do om\u00f3wienia? Skontaktuj si\u0119 z nami: <a href=\"mailto:contact@haimagazine.com\">contact@haimagazine.com<\/a><\/p><\/div>\n\n<div class=\"wp-block-column is-layout-flow wp-block-column-is-layout-flow\"><div class=\"wp-block-contact-form-7-contact-form-selector\">\n<div class=\"wpcf7 no-js\" id=\"wpcf7-f1398-o1\" lang=\"pl-PL\" dir=\"ltr\" data-wpcf7-id=\"1398\">\n<div class=\"screen-reader-response\"><p role=\"status\" aria-live=\"polite\" aria-atomic=\"true\"><\/p> <ul><\/ul><\/div>\n<form action=\"\/pl\/wp-json\/wp\/v2\/pages\/1401#wpcf7-f1398-o1\" method=\"post\" class=\"wpcf7-form init\" aria-label=\"Formularz kontaktowy\" novalidate=\"novalidate\" data-status=\"init\">\n<fieldset class=\"hidden-fields-container\"><input type=\"hidden\" name=\"_wpcf7\" value=\"1398\" \/><input type=\"hidden\" name=\"_wpcf7_version\" value=\"6.1.3\" \/><input type=\"hidden\" name=\"_wpcf7_locale\" value=\"pl_PL\" \/><input type=\"hidden\" name=\"_wpcf7_unit_tag\" value=\"wpcf7-f1398-o1\" \/><input type=\"hidden\" name=\"_wpcf7_container_post\" value=\"0\" \/><input type=\"hidden\" name=\"_wpcf7_posted_data_hash\" value=\"\" \/>\n<\/fieldset>\n<div class=\"inputs-wrapper\">\n\t<p><span class=\"wpcf7-form-control-wrap\" data-name=\"your-name\"><input size=\"40\" maxlength=\"400\" class=\"wpcf7-form-control wpcf7-text wpcf7-validates-as-required\" autocomplete=\"name\" aria-required=\"true\" aria-invalid=\"false\" placeholder=\"Imi\u0119 i nazwisko\" value=\"\" type=\"text\" name=\"your-name\" \/><\/span><span class=\"wpcf7-form-control-wrap\" data-name=\"your-email\"><input size=\"40\" maxlength=\"400\" class=\"wpcf7-form-control wpcf7-email wpcf7-validates-as-required wpcf7-text wpcf7-validates-as-email\" autocomplete=\"email\" aria-required=\"true\" aria-invalid=\"false\" placeholder=\"E-mail\" value=\"\" type=\"email\" name=\"your-email\" \/><\/span>\n\t<\/p>\n<\/div>\n<p><span class=\"wpcf7-form-control-wrap\" data-name=\"menu-597\"><select class=\"wpcf7-form-control wpcf7-select\" aria-invalid=\"false\" name=\"menu-597\"><option value=\"\">Wybierz dzia\u0142<\/option><option value=\"Wsp\u00f3\u0142praca\">Wsp\u00f3\u0142praca<\/option><option value=\"Sprzeda\u017c\">Sprzeda\u017c<\/option><option value=\"Obs\u0142uga klienta\">Obs\u0142uga klienta<\/option><option value=\"Ksi\u0119gowo\u015b\u0107\">Ksi\u0119gowo\u015b\u0107<\/option><option value=\"Inne\">Inne<\/option><\/select><\/span><span class=\"wpcf7-form-control-wrap\" data-name=\"your-message\"><textarea cols=\"40\" rows=\"10\" maxlength=\"2000\" class=\"wpcf7-form-control wpcf7-textarea wpcf7-validates-as-required\" aria-required=\"true\" aria-invalid=\"false\" placeholder=\"Wiadomo\u015b\u0107\" name=\"your-message\"><\/textarea><\/span><span class=\"wpcf7-form-control-wrap\" data-name=\"acceptance-970\"><span class=\"wpcf7-form-control wpcf7-acceptance\"><span class=\"wpcf7-list-item\"><label><input type=\"checkbox\" name=\"acceptance-970\" value=\"1\" aria-invalid=\"false\" \/><span class=\"wpcf7-list-item-label\">Wyra\u017cam zgod\u0119 na przetwarzanie moich danych w celach obs\u0142ugi zapytania przez CampusAI Prosta Sp\u00f3\u0142ka Akcyjna Chmielna 73, 00-801 Warszawa*<\/span><\/label><\/span><\/span><\/span>\n<\/p>\n<p><button type=\"submit\"><span>Wy\u015blij wiadomo\u015b\u0107<\/span><\/button>\n<\/p><div class=\"wpcf7-response-output\" aria-hidden=\"true\"><\/div>\n<\/form>\n<\/div>\n<\/div><\/div><\/div><\/div><div class=\"wp-block-group alignfull has-global-padding is-layout-constrained wp-block-group-is-layout-constrained\"><div class=\"google-map alignfull\">\n    <iframe src=\"https:\/\/www.google.com\/maps\/embed?pb=!1m18!1m12!1m3!1d2443.8265400049427!2d20.994802477798753!3d52.22836917198616!2m3!1f0!2f0!3f0!3m2!1i1024!2i768!4f13.1!3m3!1m2!1s0x471ecd67a37363bf%3A0xd991f3d1fca7dcc5!2sCampusAI!5e0!3m2!1spl!2spl!4v1716971905714!5m2!1spl!2spl\" width=\"100%\" height=\"450\" style=\"border:0;\" allowfullscreen=\"\" loading=\"lazy\"\n        referrerpolicy=\"no-referrer-when-downgrade\"><\/iframe>\n    <div>\n        Redakcja hAI Magazine\n    <\/div>\n<\/div><\/div><h3 class=\"wp-block-heading\">Redakcja \u201ehAI Magazine\u201d<br>i haimagazine.com<\/h3><p>VP of Product<br><strong>dr Ewa Chamczyk&nbsp;<\/strong><br><a href=\"mailto:ec@campusai.pl\">ec@campusai.pl<\/a><\/p><p>Language Editors<br><strong>Maciej Makselon<\/strong><\/p><p>Proofreading<br><strong>Szczepan Kulpa<\/strong><\/p><p>Design<br><strong>Ewa Domagalska<\/strong><\/p><p>Sales &amp; Business Specialist<br><strong>Karmina Dudzi\u0144ska<\/strong><br><a href=\"mailto:kdudzinska@haimagazine.com\" target=\"_blank\" rel=\"noreferrer noopener\">kdudzinska@haimagazine.com<\/a><\/p><p><\/p>","protected":false},"excerpt":{"rendered":"<p>Dane firmy CampusAI Prosta Sp\u00f3\u0142ka AkcyjnaUl. Chmielna 7300-801 Warszawa Skontaktuj si\u0119 z nami Je\u015bli jeste\u015b zainteresowany\/na wsp\u00f3\u0142prac\u0105 z&nbsp;hAI Magazine, zapraszamy do kontaktu. Ch\u0119tnie nawi\u0105\u017cemy dialog z firmami, instytucjami oraz tw\u00f3rcami, dla kt\u00f3rych sztuczna inteligencja jest istotnym obszarem dzia\u0142alno\u015bci. Wsp\u00f3\u0142praca biznesowa i reklamowaPlanujesz kampani\u0119 promocyjn\u0105, partnerstwo lub inn\u0105 form\u0119 wsp\u00f3\u0142pracy biznesowej? Skontaktuj si\u0119 z nami, aby [&hellip;]<\/p>\n","protected":false},"author":2,"featured_media":0,"parent":0,"menu_order":0,"comment_status":"closed","ping_status":"closed","template":"","meta":{"_acf_changed":false,"rank_math_lock_modified_date":false,"footnotes":""},"class_list":["post-1401","page","type-page","status-publish","hentry"],"acf":[],"_links":{"self":[{"href":"https:\/\/haimagazine.com\/pl\/wp-json\/wp\/v2\/pages\/1401","targetHints":{"allow":["GET"]}}],"collection":[{"href":"https:\/\/haimagazine.com\/pl\/wp-json\/wp\/v2\/pages"}],"about":[{"href":"https:\/\/haimagazine.com\/pl\/wp-json\/wp\/v2\/types\/page"}],"author":[{"embeddable":true,"href":"https:\/\/haimagazine.com\/pl\/wp-json\/wp\/v2\/users\/2"}],"replies":[{"embeddable":true,"href":"https:\/\/haimagazine.com\/pl\/wp-json\/wp\/v2\/comments?post=1401"}],"version-history":[{"count":9,"href":"https:\/\/haimagazine.com\/pl\/wp-json\/wp\/v2\/pages\/1401\/revisions"}],"predecessor-version":[{"id":12775,"href":"https:\/\/haimagazine.com\/pl\/wp-json\/wp\/v2\/pages\/1401\/revisions\/12775"}],"wp:attachment":[{"href":"https:\/\/haimagazine.com\/pl\/wp-json\/wp\/v2\/media?parent=1401"}],"curies":[{"name":"wp","href":"https:\/\/api.w.org\/{rel}","templated":true}]}}