{"id":103,"date":"2024-05-13T10:32:00","date_gmt":"2024-05-13T10:32:00","guid":{"rendered":"https:\/\/haimagazine.com\/strona-glowna\/"},"modified":"2024-06-14T09:28:46","modified_gmt":"2024-06-14T09:28:46","slug":"strona-glowna","status":"publish","type":"page","link":"https:\/\/haimagazine.com\/pl\/strona-glowna\/","title":{"rendered":"Strona g\u0142\u00f3wna"},"content":{"rendered":"<div class=\"wp-block-group alignwide has-global-padding is-layout-constrained wp-block-group-is-layout-constrained\" style=\"margin-bottom:0\"><div class=\"wp-block-columns alignwide are-vertically-aligned-center is-layout-flex wp-container-core-columns-is-layout-5f2652e6 wp-block-columns-is-layout-flex\" style=\"margin-top:0;margin-bottom:0\"><div class=\"wp-block-column is-vertically-aligned-center is-layout-flow wp-block-column-is-layout-flow\"><figure class=\"wp-block-image size-large\"><img loading=\"lazy\" decoding=\"async\" width=\"1024\" height=\"828\" src=\"https:\/\/haimagazine.com\/wp-content\/uploads\/2024\/05\/mockup-1024x828.png\" alt=\"\" class=\"wp-image-535\" srcset=\"https:\/\/haimagazine.com\/wp-content\/uploads\/2024\/05\/mockup-1024x828.png 1024w, https:\/\/haimagazine.com\/wp-content\/uploads\/2024\/05\/mockup-300x243.png 300w, https:\/\/haimagazine.com\/wp-content\/uploads\/2024\/05\/mockup-768x621.png 768w, https:\/\/haimagazine.com\/wp-content\/uploads\/2024\/05\/mockup-1536x1242.png 1536w, https:\/\/haimagazine.com\/wp-content\/uploads\/2024\/05\/mockup-600x485.png 600w, https:\/\/haimagazine.com\/wp-content\/uploads\/2024\/05\/mockup.png 1864w\" sizes=\"auto, (max-width: 1024px) 100vw, 1024px\" \/><\/figure><\/div>\n\n<div class=\"wp-block-column is-vertically-aligned-center home-custom-right-column has-accent-background-color has-background is-layout-flow wp-block-column-is-layout-flow\" style=\"padding-top:var(--wp--preset--spacing--32);padding-right:var(--wp--preset--spacing--32);padding-bottom:var(--wp--preset--spacing--32);padding-left:var(--wp--preset--spacing--32)\"><h2 class=\"wp-block-heading has-text-color has-link-color wp-elements-040d2cb17cd8e935a13dc74533309731\" style=\"color:#0f392d\">Pierwszy w Polsce drukowany magazyn o&nbsp;sztucznej inteligencji<\/h2>\n\n<p><strong>W najbli\u017cszym wydaniu otrzymasz ponad 120 stron wype\u0142nionych praktyczn\u0105 wiedz\u0105:<\/strong><\/p>\n\n<p>\u2022\u2060 \u2060Nowa jako\u015b\u0107 pracy dzi\u0119ki AI,<br>\u2022\u2060 \u2060Jak nasza osobowo\u015b\u0107 wp\u0142ywa na interakcje z chatbotami,<br>\u2022\u2060 \u2060Jak budowa\u0107 efektywne modele multimodalne?<\/p>\n\n<p><strong>Zam\u00f3w prenumerat\u0119 na ca\u0142y rok!<\/strong><\/p>\n\n<p>\u2022\u2060 \u20604 papierowe wydania kwartalnika,<br>\u2022\u2060 \u2060Tre\u015bci zar\u00f3wno dla pocz\u0105tkuj\u0105cych, entuzjast\u00f3w i ekspert\u00f3w,<br>\u2022\u2060 \u2060Bezp\u0142atna przesy\u0142ka na terenie Polski<\/p>\n\n<div class=\"wp-block-buttons is-layout-flex wp-block-buttons-is-layout-flex\"><div class=\"wp-block-button is-style-button-v3\"><a class=\"wp-block-button__link wp-element-button\" href=\"https:\/\/haimagazine.com\/pl\/produkt\/prenumerata\/\">ZAM\u00d3W PRENUMERAT\u0118<\/a><\/div><\/div><\/div><\/div><\/div>","protected":false},"excerpt":{"rendered":"<p>Pierwszy w Polsce drukowany magazyn o&nbsp;sztucznej inteligencji W najbli\u017cszym wydaniu otrzymasz ponad 120 stron wype\u0142nionych praktyczn\u0105 wiedz\u0105: \u2022\u2060 \u2060Nowa jako\u015b\u0107 pracy dzi\u0119ki AI,\u2022\u2060 \u2060Jak nasza osobowo\u015b\u0107 wp\u0142ywa na interakcje z chatbotami,\u2022\u2060 \u2060Jak budowa\u0107 efektywne modele multimodalne? Zam\u00f3w prenumerat\u0119 na ca\u0142y rok! \u2022\u2060 \u20604 papierowe wydania kwartalnika,\u2022\u2060 \u2060Tre\u015bci zar\u00f3wno dla pocz\u0105tkuj\u0105cych, entuzjast\u00f3w i ekspert\u00f3w,\u2022\u2060 \u2060Bezp\u0142atna przesy\u0142ka [&hellip;]<\/p>\n","protected":false},"author":4,"featured_media":1456,"parent":0,"menu_order":0,"comment_status":"closed","ping_status":"closed","template":"","meta":{"_acf_changed":false,"rank_math_lock_modified_date":false,"footnotes":""},"class_list":["post-103","page","type-page","status-publish","has-post-thumbnail","hentry"],"acf":[],"_links":{"self":[{"href":"https:\/\/haimagazine.com\/pl\/wp-json\/wp\/v2\/pages\/103","targetHints":{"allow":["GET"]}}],"collection":[{"href":"https:\/\/haimagazine.com\/pl\/wp-json\/wp\/v2\/pages"}],"about":[{"href":"https:\/\/haimagazine.com\/pl\/wp-json\/wp\/v2\/types\/page"}],"author":[{"embeddable":true,"href":"https:\/\/haimagazine.com\/pl\/wp-json\/wp\/v2\/users\/4"}],"replies":[{"embeddable":true,"href":"https:\/\/haimagazine.com\/pl\/wp-json\/wp\/v2\/comments?post=103"}],"version-history":[{"count":29,"href":"https:\/\/haimagazine.com\/pl\/wp-json\/wp\/v2\/pages\/103\/revisions"}],"predecessor-version":[{"id":1887,"href":"https:\/\/haimagazine.com\/pl\/wp-json\/wp\/v2\/pages\/103\/revisions\/1887"}],"wp:featuredmedia":[{"embeddable":true,"href":"https:\/\/haimagazine.com\/pl\/wp-json\/wp\/v2\/media\/1456"}],"wp:attachment":[{"href":"https:\/\/haimagazine.com\/pl\/wp-json\/wp\/v2\/media?parent=103"}],"curies":[{"name":"wp","href":"https:\/\/api.w.org\/{rel}","templated":true}]}}