{"id":17598,"date":"2026-02-27T16:53:21","date_gmt":"2026-02-27T15:53:21","guid":{"rendered":"https:\/\/haimagazine.com\/?page_id=17598"},"modified":"2026-04-13T15:48:33","modified_gmt":"2026-04-13T13:48:33","slug":"ai-flash-3","status":"publish","type":"page","link":"https:\/\/haimagazine.com\/en\/ai-flash-3\/","title":{"rendered":"AI Flash"},"content":{"rendered":"<div class=\"wp-block-group alignfull ai-flash-section has-global-padding is-layout-constrained wp-block-group-is-layout-constrained has-background\" style=\"min-height:80vh;padding-top:var(--wp--preset--spacing--72);padding-bottom:var(--wp--preset--spacing--72);background-image:url(&apos;https:\/\/haimagazine.com\/wp-content\/uploads\/2026\/03\/3042.avif&apos;);background-position:31% 24%;background-size:cover;\"><div class=\"wp-block-columns is-layout-flex wp-container-core-columns-is-layout-28f84493 wp-block-columns-is-layout-flex\"><div class=\"wp-block-column is-layout-flow wp-block-column-is-layout-flow\" style=\"flex-basis:45%\"><h1 class=\"wp-block-heading dot has-base-color has-text-color has-link-color wp-elements-1735f093d6bef0f6b254d01c2ffa21a9\">Odkryj \u015bwiat AI.<br\/>Miesi\u0105c dost\u0119pu<br\/>za darmo<\/h1>\n\n<h3 class=\"wp-block-heading has-base-color has-text-color has-link-color wp-elements-add2b34ca11385f80fdb4a3d3d6e3d97\" style=\"font-size:clamp(15.747px, 0.984rem + ((1vw - 3.2px) * 0.625), 24px);\">Do\u0142\u0105czaj\u0105c do hAI Magazine, otrzymujesz pe\u0142en dost\u0119p do:<\/h3>\n\n<ul style=\"font-size:clamp(14.082px, 0.88rem + ((1vw - 3.2px) * 0.524), 21px);\" class=\"wp-block-list list-square has-base-color has-text-color has-link-color wp-elements-4ad1cdea3198b494c78c24579b06e389\"><li>naj\u015bwie\u017cszych informacji ze \u015bwiata sztucznej inteligencji \u2013 od wielkich gigant\u00f3w, przez biznes i nauk\u0119, po kultur\u0119,<\/li>\n\n<li>felieton\u00f3w i analiz eksperckich,<\/li>\n\n<li>wywiad\u00f3w z liderami bran\u017cy AI,<\/li>\n\n<li>Practical tips and tricks<\/li>\n\n<li>oraz ca\u0142ego archiwum dotychczasowych publikacji!<\/li><\/ul>\n\n<p class=\"has-base-color has-text-color has-link-color wp-elements-58c2f362d50310a426e195eef8ca53d9\" style=\"font-size:clamp(14px, 0.875rem + ((1vw - 3.2px) * 0.455), 20px);\">For better decisions hAI Magazine.<br\/>Don&#8217;t wait! Get <strong><mark style=\"background-color:#82D65E\" class=\"has-inline-color has-base-color\">a month for free.<\/mark><\/strong><\/p><\/div>\n\n<div class=\"wp-block-column is-layout-flow wp-block-column-is-layout-flow\" style=\"flex-basis:55%\"><div class=\"wp-block-group has-global-padding is-layout-constrained wp-block-group-is-layout-constrained\"><div class=\"wp-block-columns is-layout-flex wp-container-core-columns-is-layout-543a0bf8 wp-block-columns-is-layout-flex\" style=\"margin-top:var(--wp--preset--spacing--56)\"><div class=\"wp-block-column has-base-background-color has-background is-layout-flow wp-block-column-is-layout-flow\" style=\"padding-top:var(--wp--preset--spacing--20);padding-right:var(--wp--preset--spacing--12);padding-bottom:var(--wp--preset--spacing--20);padding-left:var(--wp--preset--spacing--12)\"><div class=\"wp-block-group has-global-padding is-content-justification-center is-layout-constrained wp-container-core-group-is-layout-6f5dd868 wp-block-group-is-layout-constrained\" style=\"border-style:none;border-width:0px;border-radius:0px;padding-top:var(--wp--preset--spacing--16);padding-right:var(--wp--preset--spacing--16);padding-bottom:var(--wp--preset--spacing--16);padding-left:var(--wp--preset--spacing--16)\">\n    <div class=\"trial-promo-container\" style=\"max-width: 560px; margin: 30px auto; padding: 25px; border-color: #82D65E; border-width: 1px; border-style: solid; border-radius: 0px; display: flex; flex-direction: column; gap: 12px;\">\n        <p style=\"margin: 0; font-weight: bold; font-size: 24px; text-align: center;\">Wpisz sw\u00f3j email i uzyskaj dost\u0119p<\/p>\n\n        <input type=\"email\" id=\"trial-email\" value=\"\" placeholder=\"Tw\u00f3j e-mail\" style=\"width: 100%; padding: 10px; box-sizing: border-box;\">\n\n        <div style=\"display: flex; flex-direction: column; gap: 8px; font-size: 13px;\">\n            <!-- Select all checkbox -->\n            <label style=\"font-weight: bold; display: flex; align-items: flex-start; gap: 8px; cursor: pointer;\">\n                <input type=\"checkbox\" id=\"consent-all\" style=\"margin-top: 3px;\">\n                <span>Zaznacz wszystkie<\/span>\n            <\/label>\n\n            <!-- Terms of service -->\n            <label style=\"display: flex; align-items: flex-start; gap: 8px; cursor: pointer;\">\n                <input type=\"checkbox\" class=\"trial-consent\" id=\"consent-reg\" style=\"margin-top: 3px;\">\n                <span>Akceptuj\u0119 <a href=\"https:\/\/haimagazine.com\/pl\/regulamin\/\" target=\"_blank\" style=\"text-decoration: underline;\">Regulamin serwisu<\/a> <span style=\"color: red;\">*<\/span><\/span>\n            <\/label>\n\n            <!-- Privacy policy -->\n            <label style=\"display: flex; align-items: flex-start; gap: 8px; cursor: pointer;\">\n                <input type=\"checkbox\" class=\"trial-consent\" id=\"consent-policy\" style=\"margin-top: 3px;\">\n                <span>Akceptuj\u0119 <a href=\"https:\/\/haimagazine.com\/pl\/polityka-prywatnosci\/\" target=\"_blank\" style=\"text-decoration: underline;\">Polityk\u0119 Prywatno\u015bci<\/a> <span style=\"color: red;\">*<\/span><\/span>\n            <\/label>\n\n            <!-- Marketing consent -->\n            <label style=\"display: flex; align-items: flex-start; gap: 8px; cursor: pointer;\">\n                <input type=\"checkbox\" class=\"trial-consent\" id=\"consent-marketing\" style=\"margin-top: 3px;\">\n                <span>Wyra\u017cam zgod\u0119 na przetwarzanie moich danych w celach marketingowych przez CampusAI P.S.A (KRS: 0001030100), na potrzeby przesy\u0142ania mi ofert CampusAI P.S.A. na wskazany przeze mnie adres e-mail.<\/span>\n            <\/label>\n        <\/div>\n\n        <a id=\"trial-submit-btn\" class=\"content-block__subscription-banner-button\"\n           style=\"display: block; padding: 12px; text-align: center; cursor: pointer;\">\n            Aktywuj\n        <\/a>\n\n        <div id=\"trial-msg\" style=\"font-size: 14px; text-align: center;\"><\/div>\n    <\/div>\n\n    <script>\n    (function() {\n        \/\/ \"Select all\" toggle\n        document.getElementById('consent-all')?.addEventListener('change', function(e) {\n            document.querySelectorAll('.trial-consent').forEach(cb => cb.checked = e.target.checked);\n        });\n\n        document.getElementById('trial-submit-btn')?.addEventListener('click', function() {\n            const email            = document.getElementById('trial-email').value.trim();\n            const consentReg       = document.getElementById('consent-reg').checked;\n            const consentPolicy    = document.getElementById('consent-policy').checked;\n            const consentMarketing = document.getElementById('consent-marketing').checked;\n            const btn              = this;\n            const msg              = document.getElementById('trial-msg');\n\n            \/\/ Validate email\n            if (!email) {\n                msg.style.color = 'red';\n                msg.innerText = 'Wpisz e-mail';\n                return;\n            }\n\n            \/\/ Validate required consents\n            if (!consentReg || !consentPolicy) {\n                msg.style.color = 'red';\n                msg.innerText = 'Prosz\u0119 zaakceptowa\u0107 Regulamin oraz Polityk\u0119 Prywatno\u015bci.';\n                return;\n            }\n\n            \/\/ Disable button while submitting\n            btn.style.pointerEvents = 'none';\n            btn.style.opacity = '0.5';\n            btn.innerText = 'Czekaj...';\n\n            const data = new URLSearchParams();\n            data.append('action', 'get_free_trial');\n            data.append('email', email);\n            data.append('marketing_consent', consentMarketing ? 'true' : 'false');\n\n            fetch('https:\/\/haimagazine.com\/wp-admin\/admin-ajax.php', {\n                method: 'POST',\n                body: data\n            })\n            .then(res => res.json())\n            .then(res => {\n                if (res.success) {\n                    msg.style.color = 'green';\n                    \/\/ Redirect to homepage (or any URL) after success\n                    msg.innerText = 'Sukces! Przekierowuj\u0119...';\n                    \/\/ Fire Meta Pixel event only from standalone trial page\n                    if (typeof fbq === 'function') {\n                        fbq('track', 'Lead', { content_name: 'demo-access-standalone-page' });\n                    }\n                    setTimeout(() => window.location.href = 'https:\/\/haimagazine.com\/en\/', 5000);\n                } else {\n                    msg.style.color = 'red';\n                    msg.innerText = res.data;\n                    btn.style.pointerEvents = 'auto';\n                    btn.style.opacity = '1';\n                    btn.innerText = 'Aktywuj';\n                }\n            })\n            .catch(() => {\n                msg.style.color = 'red';\n                msg.innerText = 'B\u0142\u0105d po\u0142\u0105czenia. Spr\u00f3buj ponownie.';\n                btn.style.pointerEvents = 'auto';\n                btn.style.opacity = '1';\n                btn.innerText = 'Aktywuj';\n            });\n        });\n    })();\n    <\/script>\n\n    <\/div><\/div><\/div><\/div><\/div><\/div>\n\n<p><\/p><\/div>","protected":false},"excerpt":{"rendered":"<p>Odkryj \u015bwiat AI.Miesi\u0105c dost\u0119puza darmo Do\u0142\u0105czaj\u0105c do hAI Magazine, otrzymujesz pe\u0142en dost\u0119p do: For better decisions hAI Magazine.Don&#8217;t wait! Get a month for free.<\/p>\n","protected":false},"author":122,"featured_media":0,"parent":0,"menu_order":0,"comment_status":"closed","ping_status":"closed","template":"","meta":{"_acf_changed":false,"rank_math_lock_modified_date":false,"footnotes":""},"class_list":["post-17598","page","type-page","status-publish","hentry"],"acf":[],"_links":{"self":[{"href":"https:\/\/haimagazine.com\/en\/wp-json\/wp\/v2\/pages\/17598","targetHints":{"allow":["GET"]}}],"collection":[{"href":"https:\/\/haimagazine.com\/en\/wp-json\/wp\/v2\/pages"}],"about":[{"href":"https:\/\/haimagazine.com\/en\/wp-json\/wp\/v2\/types\/page"}],"author":[{"embeddable":true,"href":"https:\/\/haimagazine.com\/en\/wp-json\/wp\/v2\/users\/122"}],"replies":[{"embeddable":true,"href":"https:\/\/haimagazine.com\/en\/wp-json\/wp\/v2\/comments?post=17598"}],"version-history":[{"count":3,"href":"https:\/\/haimagazine.com\/en\/wp-json\/wp\/v2\/pages\/17598\/revisions"}],"predecessor-version":[{"id":18138,"href":"https:\/\/haimagazine.com\/en\/wp-json\/wp\/v2\/pages\/17598\/revisions\/18138"}],"wp:attachment":[{"href":"https:\/\/haimagazine.com\/en\/wp-json\/wp\/v2\/media?parent=17598"}],"curies":[{"name":"wp","href":"https:\/\/api.w.org\/{rel}","templated":true}]}}